{"id":6632,"date":"2019-10-11T17:13:12","date_gmt":"2019-10-11T17:13:12","guid":{"rendered":"https:\/\/plasbritos.pt\/?page_id=6632"},"modified":"2023-07-21T08:27:32","modified_gmt":"2023-07-21T08:27:32","slug":"portugal-2020","status":"publish","type":"page","link":"https:\/\/plasbritos.pt\/index.php\/portugal-2020\/","title":{"rendered":"Portugal 2020"},"content":{"rendered":"\t\t<div data-elementor-type=\"wp-post\" data-elementor-id=\"6632\" class=\"elementor elementor-6632\">\n\t\t\t\t\t\t<section class=\"elementor-section elementor-top-section elementor-element elementor-element-cd2e89c elementor-section-boxed elementor-section-height-default elementor-section-height-default\" data-id=\"cd2e89c\" data-element_type=\"section\" data-e-type=\"section\">\n\t\t\t\t\t\t<div class=\"elementor-container elementor-column-gap-default\">\n\t\t\t\t\t<div class=\"elementor-column elementor-col-100 elementor-top-column elementor-element elementor-element-661e83a\" data-id=\"661e83a\" data-element_type=\"column\" data-e-type=\"column\">\n\t\t\t<div class=\"elementor-widget-wrap elementor-element-populated\">\n\t\t\t\t\t\t<div class=\"elementor-element elementor-element-427df9d elementor-widget elementor-widget-image\" data-id=\"427df9d\" data-element_type=\"widget\" data-e-type=\"widget\" data-widget_type=\"image.default\">\n\t\t\t\t<div class=\"elementor-widget-container\">\n\t\t\t\t\t\t\t\t\t\t\t\t\t\t\t<img fetchpriority=\"high\" decoding=\"async\" width=\"1024\" height=\"132\" src=\"https:\/\/plasbritos.pt\/wp-content\/uploads\/2021\/07\/feder.png\" class=\"attachment-full size-full wp-image-6734\" alt=\"\" srcset=\"https:\/\/plasbritos.pt\/wp-content\/uploads\/2021\/07\/feder.png 1024w, https:\/\/plasbritos.pt\/wp-content\/uploads\/2021\/07\/feder-300x39.png 300w, https:\/\/plasbritos.pt\/wp-content\/uploads\/2021\/07\/feder-768x99.png 768w, https:\/\/plasbritos.pt\/wp-content\/uploads\/2021\/07\/feder-400x52.png 400w, https:\/\/plasbritos.pt\/wp-content\/uploads\/2021\/07\/feder-600x77.png 600w\" sizes=\"(max-width: 1024px) 100vw, 1024px\" \/>\t\t\t\t\t\t\t\t\t\t\t\t\t\t\t<\/div>\n\t\t\t\t<\/div>\n\t\t\t\t\t<\/div>\n\t\t<\/div>\n\t\t\t\t\t<\/div>\n\t\t<\/section>\n\t\t\t\t<section class=\"elementor-section elementor-top-section elementor-element elementor-element-917b966 elementor-section-boxed elementor-section-height-default elementor-section-height-default\" data-id=\"917b966\" data-element_type=\"section\" data-e-type=\"section\">\n\t\t\t\t\t\t<div class=\"elementor-container elementor-column-gap-default\">\n\t\t\t\t\t<div class=\"elementor-column elementor-col-100 elementor-top-column elementor-element elementor-element-4a912572\" data-id=\"4a912572\" data-element_type=\"column\" data-e-type=\"column\">\n\t\t\t<div class=\"elementor-widget-wrap elementor-element-populated\">\n\t\t\t\t\t\t<div class=\"elementor-element elementor-element-5de3bdfe elementor-widget elementor-widget-text-editor\" data-id=\"5de3bdfe\" data-element_type=\"widget\" data-e-type=\"widget\" data-widget_type=\"text-editor.default\">\n\t\t\t\t<div class=\"elementor-widget-container\">\n\t\t\t\t\t\t\t\t\t<h2 style=\"text-align: center;\"><strong>Sistema de Incentivos \u201cInova\u00e7\u00e3o Produtiva\u201d<\/strong><\/h2><p><strong>Designa\u00e7\u00e3o do projeto:\u00a0<\/strong>PLASBRITOS 2025<br \/><strong>C\u00f3digo do Projeto:<\/strong> NORTE-02-0853-FEDER-180157<br \/><strong>Objetivo principal:<\/strong>\u00a0Refor\u00e7ar a competitividade das PME<br \/><strong>Regi\u00e3o de interven\u00e7\u00e3o:<\/strong>\u00a0Norte<br \/><strong>Entidade benefici\u00e1ria:<\/strong> PLASBRITOS &#8211; Ind\u00fastria e Com\u00e9rcio de Pl\u00e1sticos e Acess\u00f3rios T\u00eaxteis, LDA<\/p><p><strong>Data da aprova\u00e7\u00e3o:<\/strong> 14-06-2022<br \/><strong>Data de in\u00edcio:<\/strong> 21-09-2021<br \/><strong>Data de conclus\u00e3o:<\/strong> 30-06-2023<br \/><strong>Custo total eleg\u00edvel:<\/strong> 423.980,00 \u20ac<br \/><strong>Apoio financeiro da Uni\u00e3o Europeia:<\/strong> 160.820,00 \u20ac<\/p><p><strong>Objetivos, Atividades e Resultados esperados\/atingidos:<\/strong><br \/>O projeto visa o refor\u00e7o da capacidade produtiva instalada, com o objetivo de diversificar o mix de produtos. \u00c9 tamb\u00e9m objetivo promover a utiliza\u00e7\u00e3o de fontes de energia mais limpas e amigas do ambiente, bem como melhorar os sistemas de monitoriza\u00e7\u00e3o e controlo da produ\u00e7\u00e3o.<br \/>Como principais objetivos, pretende-se atingir em 2025 um VN de superior a 2,9 M\u20ac, obter a certifica\u00e7\u00e3o GRS at\u00e9 final de 2025, implementar um sistema integrado de monitoriza\u00e7\u00e3o e controlo produ\u00e7\u00e3o, criar 6 novos postos de trabalho e reduzir as emiss\u00f5es de CO2 para a atmosfera na ordem dos 25%.<\/p><h2 style=\"text-align: center;\"><strong>Inova\u00e7\u00e3o e Novos Produtos na PLASBRITOS.<\/strong><\/h2><p><strong>Designa\u00e7\u00e3o do projeto:<\/strong> Inova\u00e7\u00e3o e Novos Produtos na PLASBRITOS.<br \/><strong>C\u00f3digo do Projeto:<\/strong> \u00a0NORTE-02-0853-FEDER-042947<br \/><strong>Objetivo principal:<\/strong> Refor\u00e7ar a competitividade das PME<br \/><strong>Regi\u00e3o de interven\u00e7\u00e3o:<\/strong> Norte<br \/><strong>Entidade benefici\u00e1ria:<\/strong> PLASBRITOS \u00a0&#8211; Ind\u00fastria e Com\u00e9rcio de Pl\u00e1sticos e Acess\u00f3rios T\u00eaxteis, Lda.<br \/><strong>Data da aprova\u00e7\u00e3o:<\/strong> 13-08-2019<br \/><strong>Data de in\u00edcio:<\/strong> 29-05-2019<br \/><strong>Data de conclus\u00e3o:<\/strong> 01-06-2021<br \/><strong>Custo total eleg\u00edvel:<\/strong> 306.457,64\u20ac<br \/><strong>Apoio financeiro da Uni\u00e3o Europeia:<\/strong> 116.242,55\u20ac<\/p><p><strong>Objetivos, Atividades e Resultados esperados\/atingidos:<\/strong><br \/>Com este investimento, pretende iniciar a produ\u00e7\u00e3o de novos produtos sacos com fecho zip, sacos de pequenas dimens\u00f5es e sacos para pendurados- alargando o mix de produtos que oferece ao mercado, mas tamb\u00e9m diversificar para novos clientes e segmentos de mercado.<\/p><p>Prev\u00ea-se um aumento da capacidade produtiva instalada na ordem dos 30%, atingindo-se em 2022 um volume de neg\u00f3cios superior a 2,6M\u20ac.<\/p><h2 style=\"text-align: center;\"><strong>Sistema de Incentivos \u201cPrograma Adaptar PME\u201d<\/strong><\/h2><p><strong>Designa\u00e7\u00e3o do projeto:\u00a0<\/strong>Plasbritos ADAPTAR<br \/><strong>C\u00f3digo do Projeto:<\/strong>\u00a0NORTE-02-08B9-FEDER-<wbr \/>052675<br \/><strong>Objetivo principal:<\/strong>\u00a0Refor\u00e7ar a competitividade das PME<br \/><strong>Regi\u00e3o de interven\u00e7\u00e3o:<\/strong>\u00a0Norte<br \/><strong>Entidade benefici\u00e1ria:<\/strong>\u00a0PLASBRITOS, LDA<\/p><p><strong>Data da aprova\u00e7\u00e3o:<\/strong> 06-07-2020<br \/><strong>Data de in\u00edcio:<\/strong> 01-06-2020<br \/><strong>Data de conclus\u00e3o:<\/strong> 30-11-2020<br \/><strong>Custo total eleg\u00edvel:<\/strong> 33.200,00 \u20ac<br \/><strong>Apoio financeiro da Uni\u00e3o Europeia:<\/strong> 16.600,00 \u20ac<\/p><p><strong>Objetivos, Atividades e Resultados esperados\/atingidos:<\/strong><br \/>Adapta\u00e7\u00e3o do estabelecimento para prote\u00e7\u00e3o \u00e0 COVID 19, nomeadamente, aquisi\u00e7\u00e3o de equipamentos de prote\u00e7\u00e3o individual, equipamentos de higieniza\u00e7\u00e3o, remodela\u00e7\u00e3o das instala\u00e7\u00f5es no sentido da reorganiza\u00e7\u00e3o do local de trabalho e altera\u00e7\u00f5es de layout, bem como a coloca\u00e7\u00e3o de controlo das dist\u00e2ncias.<\/p><h2 style=\"text-align: center;\"><strong>PROJETOS DE FORMA\u00c7\u00c3O EM PROCESSOS DE INOVA\u00c7\u00c3O<\/strong><\/h2><p><strong>Designa\u00e7\u00e3o do projeto<\/strong>: Inova\u00e7\u00e3o e Novos Produtos na PLASBRITOS<br \/><strong>C\u00f3digo do Projeto:<\/strong> NORTE-06-3560-FSE-046716<br \/><strong>Objetivo principal:<\/strong> Refor\u00e7ar a competitividade das PME<br \/><strong>Regi\u00e3o de interven\u00e7\u00e3o:<\/strong> Norte<br \/><strong>Entidade benefici\u00e1ria:<\/strong> PLASBRITOS \u2013 Ind\u00fastria e Com\u00e9rcio de Pl\u00e1sticos e<br \/>Acess\u00f3rios T\u00eaxteis, Lda.<\/p><p><strong>Data da aprova\u00e7\u00e3o:<\/strong> 05-03-2020<br \/><strong>Data de in\u00edcio:<\/strong> 28-02-2019<br \/><strong>Data da conclus\u00e3o:<\/strong> 30-06-2021<br \/><strong>Custo total eleg\u00edvel:<\/strong> 6.095,20\u20ac<br \/><strong>Apoio financeiro da Uni\u00e3o Europeia:<\/strong> 3.000,00\u20ac (FSE)<\/p><p><strong>Objetivos, Atividades e Resultados esperados\/atingidos:<\/strong><\/p><ul><li>Grau de cumprimento das atividades previstas no plano de<br \/>forma\u00e7\u00e3o, aferido atrav\u00e9s da rela\u00e7\u00e3o entre o n\u00ba de horas de<br \/>forma\u00e7\u00e3o programadas e o n\u00ba de horas realizadas: 100%<\/li><li>Percentagem de trabalhadores que, por m\u00e9todo de inquiri\u00e7\u00e3o, se<br \/>considerem mais aptos para a inova\u00e7\u00e3o e gest\u00e3o, em rela\u00e7\u00e3o ao<br \/>total de trabalhadores abrangidos: 100%<\/li><\/ul>\t\t\t\t\t\t\t\t<\/div>\n\t\t\t\t<\/div>\n\t\t\t\t\t<\/div>\n\t\t<\/div>\n\t\t\t\t\t<\/div>\n\t\t<\/section>\n\t\t\t\t<\/div>\n\t\t","protected":false},"excerpt":{"rendered":"<p>Sistema de Incentivos \u201cInova\u00e7\u00e3o Produtiva\u201d Designa\u00e7\u00e3o do projeto:\u00a0PLASBRITOS 2025C\u00f3digo do Projeto: NORTE-02-0853-FEDER-180157Objetivo principal:\u00a0Refor\u00e7ar a competitividade das PMERegi\u00e3o de interven\u00e7\u00e3o:\u00a0NorteEntidade benefici\u00e1ria: PLASBRITOS &#8211; Ind\u00fastria e Com\u00e9rcio de Pl\u00e1sticos e Acess\u00f3rios T\u00eaxteis, LDA Data da aprova\u00e7\u00e3o: 14-06-2022Data de in\u00edcio: 21-09-2021Data de conclus\u00e3o: 30-06-2023Custo total eleg\u00edvel: 423.980,00 \u20acApoio financeiro da Uni\u00e3o Europeia: 160.820,00 \u20ac Objetivos, Atividades e Resultados &hellip; <\/p>\n<p class=\"link-more\"><a href=\"https:\/\/plasbritos.pt\/index.php\/portugal-2020\/\" class=\"more-link\">Read More <span class=\"screen-reader-text\"> &#8220;Portugal 2020&#8221;<\/span><\/a><\/p>\n","protected":false},"author":1,"featured_media":0,"parent":0,"menu_order":0,"comment_status":"closed","ping_status":"open","template":"","meta":{"footnotes":""},"class_list":["post-6632","page","type-page","status-publish","hentry"],"_links":{"self":[{"href":"https:\/\/plasbritos.pt\/index.php\/wp-json\/wp\/v2\/pages\/6632"}],"collection":[{"href":"https:\/\/plasbritos.pt\/index.php\/wp-json\/wp\/v2\/pages"}],"about":[{"href":"https:\/\/plasbritos.pt\/index.php\/wp-json\/wp\/v2\/types\/page"}],"author":[{"embeddable":true,"href":"https:\/\/plasbritos.pt\/index.php\/wp-json\/wp\/v2\/users\/1"}],"replies":[{"embeddable":true,"href":"https:\/\/plasbritos.pt\/index.php\/wp-json\/wp\/v2\/comments?post=6632"}],"version-history":[{"count":20,"href":"https:\/\/plasbritos.pt\/index.php\/wp-json\/wp\/v2\/pages\/6632\/revisions"}],"predecessor-version":[{"id":7159,"href":"https:\/\/plasbritos.pt\/index.php\/wp-json\/wp\/v2\/pages\/6632\/revisions\/7159"}],"wp:attachment":[{"href":"https:\/\/plasbritos.pt\/index.php\/wp-json\/wp\/v2\/media?parent=6632"}],"curies":[{"name":"wp","href":"https:\/\/api.w.org\/{rel}","templated":true}]}}