{"id":6495,"date":"2019-03-20T17:18:39","date_gmt":"2019-03-20T17:18:39","guid":{"rendered":"http:\/\/plasbritos.pt\/?page_id=6495"},"modified":"2019-03-21T09:44:28","modified_gmt":"2019-03-21T09:44:28","slug":"politicaeguranca","status":"publish","type":"page","link":"https:\/\/plasbritos.pt\/index.php\/politicaeguranca\/","title":{"rendered":"Politica Seguran\u00e7a"},"content":{"rendered":"\t\t<div data-elementor-type=\"wp-post\" data-elementor-id=\"6495\" class=\"elementor elementor-6495\">\n\t\t\t\t\t\t<section class=\"elementor-section elementor-top-section elementor-element elementor-element-713ed16 elementor-section-boxed elementor-section-height-default elementor-section-height-default\" data-id=\"713ed16\" data-element_type=\"section\" data-e-type=\"section\">\n\t\t\t\t\t\t<div class=\"elementor-container elementor-column-gap-default\">\n\t\t\t\t\t<div class=\"elementor-column elementor-col-100 elementor-top-column elementor-element elementor-element-537807b\" data-id=\"537807b\" data-element_type=\"column\" data-e-type=\"column\">\n\t\t\t<div class=\"elementor-widget-wrap elementor-element-populated\">\n\t\t\t\t\t\t<div class=\"elementor-element elementor-element-fc691bb elementor-widget elementor-widget-text-editor\" data-id=\"fc691bb\" data-element_type=\"widget\" data-e-type=\"widget\" data-widget_type=\"text-editor.default\">\n\t\t\t\t<div class=\"elementor-widget-container\">\n\t\t\t\t\t\t\t\t\t<p><strong>POL\u00cdTICAS DE PRIVACIDADE E DE UTILIZA\u00c7\u00c3O DE DADOS\u00a0<\/strong><\/p><p><strong>Plasbritos \u2013 Ind\u00fastria e Com\u00e9rcio de Pl\u00e1sticos e Acess\u00f3rios T\u00eaxteis, Lda<\/strong><\/p><p>Agradecemos a sua visita ao nosso website e o interesse demonstrado nos nossos servi\u00e7os. Com isto em mente, porque a sua privacidade \u00e9 muito importante para n\u00f3s, e queremos que conhe\u00e7a o nosso empenho na privacidade e no tratamento e dos seus dados, cri\u00e1mos esta pol\u00edtica de privacidade, cookies e prote\u00e7\u00e3o de dados, onde poder\u00e1 ver referidos quais os dados que recolhemos e explicados os procedimentos que adotamos para garantir a sua prote\u00e7\u00e3o, assim como saber quais s\u00e3o os seus direitos e deveres.<\/p><p>Este documento estabelece as Pol\u00edticas de Privacidade e de utiliza\u00e7\u00e3o de Cookies (doravante \u201cPol\u00edtica\u201d) da <strong>Plasbritos \u2013 Ind\u00fastria e Com\u00e9rcio de Pl\u00e1sticos e Acess\u00f3rios T\u00eaxteis, Lda<\/strong>, empresa constitu\u00edda de acordo com as leis de Portugal, com o n\u00famero \u00fanico de pessoa coletiva <strong>503 130 940<\/strong>, sede na <strong>Rua Nova do Corujo 147, UF Barcelos, V. Boa, Vila Fresca\u00ednha, 4750-784 Barcelos<\/strong>, sociedades suas sucessoras ou cession\u00e1rias autorizadas (doravante \u201cPLASBRITOS\u201d) e que se aplicam quando algu\u00e9m (\u201cUtilizador\u201d) transmite \u00e0 PLASBRITOS dados pessoais de indiv\u00edduos identificados ou identific\u00e1veis (\u201cDados\u201d) incluindo quando carrega Dados seus em quaisquer Formul\u00e1rios dispon\u00edveis a partir do s\u00edtio <a href=\"https:\/\/www.plasbritos.pt\">https:\/\/www.plasbritos.pt<\/a> (doravante \u201cWebsite\u201d).<\/p><p>Na medida em que o Utilizador seja uma pessoa singular ou atue em representa\u00e7\u00e3o de uma pessoa coletiva esta Pol\u00edtica aplica-se aos Dados fornecidos ou divulgados \u00e0 PLASBRITOS e podem incluir, entre outros, o nome, o endere\u00e7o de correio eletr\u00f3nico indicados no Formul\u00e1rio de Contacto e a associa\u00e7\u00e3o destes Dados \u00e0s solicita\u00e7\u00f5es de informa\u00e7\u00e3o veiculadas para a PLASBRITOS.<\/p><p>No caso de o Utilizador ter quaisquer reservas, d\u00favidas ou obje\u00e7\u00f5es a esta Pol\u00edtica, deve suspender de imediato o acesso e utiliza\u00e7\u00e3o do Website, saindo do mesmo e abstendo-se de prosseguir com o seu uso e\/ou de transmitir quaisquer Dados para a PLASBRITOS, incluindo atrav\u00e9s da submiss\u00e3o de Formul\u00e1rios que contenham \u2013 no todo ou em parte \u2013 Dados, j\u00e1 que o prosseguimento implica a aceita\u00e7\u00e3o da presente Pol\u00edtica de Privacidade.<\/p><p>A PLASBRITOS reserva-se o direito de alterar esta Pol\u00edtica a qualquer momento e sem pr\u00e9-aviso, pelo que se recomenda a sua consulta peri\u00f3dica. Qualquer altera\u00e7\u00e3o desta Pol\u00edtica integrar-se-\u00e1 automaticamente nesta vers\u00e3o com data e efeitos a partir da data da sua publica\u00e7\u00e3o no Website. A utiliza\u00e7\u00e3o continuada do Website implica que o Utilizador est\u00e1 ciente desta Pol\u00edtica, que a leu, compreendeu e que a aceita na vers\u00e3o que em cada momento esteja em vigor.<\/p><p>Vers\u00e3o revista atualizada e em vigor desde 25 de Maio de 2018.<\/p><p><strong>Que Dados s\u00e3o recolhidos e como? <\/strong><\/p><p>O Utilizador pode visitar o Website de forma an\u00f3nima a todo o momento sendo certo que o Website ainda assim, usa Cookies (para saber mais sobre cookies, por favor consulte http:\/\/www.allaboutcookies.org\/. Todos os produtos e servi\u00e7os fornecidos\/prestados pela PLASBRITOS destinam-se a consumo particular ou empresarial, consoante as propriedades e caracter\u00edsticas anunciadas dos bens e servi\u00e7os em causa.<\/p><p>O processo de registo do Utilizador \u00e9 processado automaticamente e validado offline pela equipa administrativa de suporte da PLASBRITOS, designadamente para fatura\u00e7\u00e3o, envio de comunica\u00e7\u00f5es selecionadas pelo Utilizador ou inser\u00e7\u00e3o do Utilizador numa base de dados de clientes, consoante os casos.<\/p><p>A PLASBRITOS APENAS COLIGE DADOS QUE SEJAM VOLUNTARIAMENTE SUBMETIDOS PELO UTILIZADOR E QUE ESTE AUTORIZE A RECOLHER E TRATAR NOS TERMOS E PARA OS EFEITOS DA LEGISLA\u00c7\u00c3O EM VIGOR E DE ACORDO COM A PRESENTE POL\u00cdTICA.<\/p><p>O UTILIZADOR \u00c9 LIVRE DE N\u00c3O CONSENTIR EM ATOS DE TRATAMENTO DOS SEUS DADOS PELA PLASBRITOS OU POR QUALQUER OUTRA ENTIDADE E PODE REVOGAR A QUALQUER MOMENTO UM CONSENTIMENTO QUE TENHA PRESTADO ANTERIORMENTE, A SEU JUSTO E \u00daNICO CRIT\u00c9RIO.<\/p><p>A recusa na presta\u00e7\u00e3o do consentimento ou a retirada de um consentimento anteriormente prestado apenas impedem que a PLASBRITOS complete o registo do Utilizador ou o mantenha validamente registado no Website. No caso de um Utilizador anteriormente registado, determinar\u00e1 a sua retirada da lista de Utilizadores, impedindo-o de futuramente subscrever um servi\u00e7o ou adquirir produtos \u00e0 PLASBRITOS com recurso ao Website.<\/p><p>A PLASBRITOS tamb\u00e9m pode tratar dados de pessoas coletivas, os quais podem n\u00e3o se mostrar abrangidos por todas as disposi\u00e7\u00f5es aqui previstas para Dados (\u201cDados Empresariais\u201d).<\/p><p><strong>O que s\u00e3o e como funcionam os cookies? Pol\u00edtica de Cookies<\/strong><\/p><p>Os cookies s\u00e3o aplicativos alfanum\u00e9ricos que a PLASBRITOS pode transitoriamente transmitir para o disco r\u00edgido do computador do Utilizador ou do visitante do Website por forma a permitir que os sistemas da PLASBRITOS reconhe\u00e7am o browser de quem est\u00e1 a interagir em cada momento com o Website e possam permitir que a PLASBRITOS saiba quando \u00e9 que o Website est\u00e1 a ser visitado e por quantas pessoas, permitindo-lhe tamb\u00e9m melhorar a experi\u00eancia de utiliza\u00e7\u00e3o (\u201cCookies\u201d). Os Cookies permitem rastrear os movimentos no Website, ajudam na navega\u00e7\u00e3o, ajudam a recuperar o hist\u00f3rico de navega\u00e7\u00e3o, op\u00e7\u00f5es anteriormente selecionadas de temas, prefer\u00eancias e outras funcionalidades customiz\u00e1veis (se\/na medida do dispon\u00edvel).<\/p><p>O Website usa os seguintes Cookies:<\/p><p><strong>Essenciais <\/strong><\/p><p>Google Tag Manager\u00ae sistema de gest\u00e3o de tags que permite atualizar r\u00e1pida e facilmente tags e snippets de c\u00f3digo no website ou aplica\u00e7\u00f5es para dispositivos m\u00f3veis.<\/p><p><strong>Anal\u00edtica <\/strong><\/p><p>Google Analytics\u00ae (i.e, _ga, _gid) ferramenta anal\u00edtica do fabricante Google\u00ae e que interpreta o n\u00edvel de utiliza\u00e7\u00e3o e de fideliza\u00e7\u00e3o da PLASBRITOS com o Website e as suas funcionalidades.<\/p><p><strong>Publicidade <\/strong><\/p><p>DoubleClick\u00ae gest\u00e3o de mercado em tempo real vinculado \u00e0 Rede de Display do Google para comprar e vender an\u00fancios.<\/p><p>Google AdWords\u00ae programa de publicidade online da Google atrav\u00e9s do qual se podem apresentar an\u00fancios nas suas plataformas.<\/p><p>Facebook Custom Audience\u00ae cria\u00e7\u00e3o de campanhas para um p\u00fablico composto pelos clientes presentes no Facebook e Instagram.<\/p><p><strong>Social Media <\/strong><\/p><p>Facebook Connect\u00ae aplicativo de login \u00fanico que permite que os utilizadores interajam em outros sites por meio de sua conta do Facebook.<\/p><p>NENHUMA INFORMA\u00c7\u00c3O PESSOAL \u00c9 RECOLHIDA, ARMAZENADA OU PROCESSADA COM RECURSO A COOKIES<\/p><p>A PLASBRITOS recomenda que o Utilizador mantenha o uso de Cookies ativo porque os Cookies permitem que a PLASBRITOS tire um maior partido das funcionalidades do Website. Todavia, caso o Utilizador n\u00e3o aceite Cookies, o Utilizador dever\u00e1 configurar o equipamento para ser avisado sempre que um Cookie seja depositado no disco e\/ou para que o possa desativar no menu de navega\u00e7\u00e3o (v.g. Google Chrome, Mozilla Firefox, Internet Explorer). O Utilizador pode optar por recusar, apagar ou aceitar Cookies atrav\u00e9s de uma sele\u00e7\u00e3o apropriada de fun\u00e7\u00f5es nos menus de \u201cop\u00e7\u00f5es\u201d e de \u201cprefer\u00eancias\u201d do navegador. O Utilizador deve percorrer o menu de \u201cAjuda\u201d do navegador por forma a entender de forma adequada as prefer\u00eancias dispon\u00edveis, configurando os Cookies de acordo com a sua escolha.<\/p><p>A recusa de Cookies ou a sua remo\u00e7\u00e3o apenas poder\u00e3o causar uma altera\u00e7\u00e3o no funcionamento do Website ou impedir que algumas funcionalidades possam continuar dispon\u00edveis.<\/p><p>Com a utiliza\u00e7\u00e3o do Website, o Utilizador consente no processamento dos Dados pela Google\u00ae nos termos e para os fins acima descritos.<\/p><p>No caso de pretender desativar o rastreamento de hist\u00f3ricos de navega\u00e7\u00e3o na internet por favor desative o Google Analytics em http:\/\/www.google.com. Contudo, tome em aten\u00e7\u00e3o que a desativa\u00e7\u00e3o pode implicar um impacto negativo consider\u00e1vel na utiliza\u00e7\u00e3o das funcionalidades do Website e que todas ou algumas delas podem ficar totalmente indispon\u00edveis.<\/p><p>Alguns dos parceiros de neg\u00f3cio da PLASBRITOS podem tamb\u00e9m usar Cookies a partir\/atrav\u00e9s do Website sem que a PLASBRITOS tenha a possibilidade de por qualquer forma evitar ou controlar essa atividade E\/OU conhecer ou controlar as suas pol\u00edticas de privacidade (caso existam).<\/p><p>Por forma a melhor compreender o que s\u00e3o Cookies, saber mais sobre os Cookies instalados e como podem ser geridos e\/ou apagados pela PLASBRITOS por favor visite <a href=\"http:\/\/www.allaboutcookies.org\">www.allaboutcookies.org<\/a>.<\/p><p><strong>Informa\u00e7\u00e3o An\u00f3nima e anonimizada. Como funciona?<\/strong><\/p><p>A PLASBRITOS poder\u00e1 partilhar informa\u00e7\u00e3o demogr\u00e1fica agregada de forma gen\u00e9rica e anonimizada completamente descorrelacionada com Dados de visitantes, utilizadores do Website para os fins acima identificados.<\/p><p>A informa\u00e7\u00e3o n\u00e3o pessoal pode incluir o nome do browser, o nome do equipamento, o tipo de computador ou informa\u00e7\u00e3o t\u00e9cnica sobre o utilizador, meios de liga\u00e7\u00e3o \u00e0 internet tais como o Sistema Operativo ou o Provedor de Servi\u00e7o de Internet utilizado ou outro tipo de informa\u00e7\u00e3o t\u00e9cnica anonimizada.<\/p><p>Sempre que a PLASBRITOS partilha informa\u00e7\u00e3o deste tipo, f\u00e1-lo sempre numa base de dados separada por forma a garantir, ao m\u00e1ximo da sua capacidade, que a informa\u00e7\u00e3o se mant\u00e9m anonimizada e n\u00e3o pode ser revertida por forma a tornar acess\u00edveis quaisquer Dados.<\/p><p><strong>Para que fins \u00e9 que a PLASBRITOS trata os meus Dados?<\/strong><\/p><p>A PLASBRITOS pode recolher e processar Dados para os seguintes fins:<\/p><p><strong>T\u00e9cnicos ou de Melhoria T\u00e9cnica<\/strong> \u2013 Para permitir que a PLASBRITOS, os seus parceiros e subcontratados possam operar e manter o Website e para a presta\u00e7\u00e3o de apoio t\u00e9cnico \u00e0 PLASBRITOS, melhorando assim a experi\u00eancia de utiliza\u00e7\u00e3o do Website por parte do Utilizador;<\/p><p><strong>Marketing e Comerciais<\/strong> \u2013 Para alertar o Utilizador sobre produtos, servi\u00e7os, novos lan\u00e7amentos, melhorias, boletins cient\u00edficos, t\u00e9cnicos, not\u00edcias da atualidade, ofertas especiais que possam ser do interesse do Utilizador e que este tenha consentido;<\/p><p><strong>Usabilidade<\/strong> \u2013 Para ajudar o Utilizador a encontrar os servi\u00e7os ou produtos que melhor se adaptam e respondem \u00e0s suas necessidades a partir da mem\u00f3ria de navega\u00e7\u00e3o e de intera\u00e7\u00e3o recolhida com recurso a Cookies, sem acesso a Dados;<\/p><p><strong>Tornar o Website mais relevante e f\u00e1cil de navegar e ajudar a resolver problemas de navega\u00e7\u00e3o;<\/strong><\/p><p><strong>Newsletters e Informa\u00e7\u00e3o geral<\/strong> \u2013 Enviar correio eletr\u00f3nico peri\u00f3dico para Utilizadores registados e\/ou newsletters ou correios comerciais n\u00e3o solicitados da PLASBRITOS (se\/na medida do dispon\u00edvel), se o Utilizador nisso tiver consentido.<\/p><p>No caso de o Utilizador pretender deixar de receber correio, informa\u00e7\u00f5es, chamadas de aten\u00e7\u00e3o, not\u00edcias da PLASBRITOS, pode:<\/p><ul><li>Visitar as Prefer\u00eancias no seu Perfil de Utilizador e seguir as instru\u00e7\u00f5es a\u00ed contidas para correio n\u00e3o desejado. NOTE contudo, que sendo um Utilizador registado, poder\u00e1 continuar a receber os e-mails de Sistema (v.g. os referentes a palavras-passe) e todos os avisos legais (v.g. atualiza\u00e7\u00f5es, novas vers\u00f5es de pol\u00edticas ou de termos e condi\u00e7\u00f5es);<\/li><li>Contactar o Respons\u00e1vel pelo Tratamento: plasbritos@plasbritos.pt<\/li><\/ul><p><strong>Como \u00e9 que a PLASBRITOS protege os meus Dados?<\/strong><\/p><p>A PLASBRITOS est\u00e1 empenhado na prote\u00e7\u00e3o dos seus dados, por isso trata os Dados de acordo com a presente Pol\u00edtica e com a legisla\u00e7\u00e3o Europeia em vigor sobre prote\u00e7\u00e3o de dados pessoais, conforme revista e atualizada em cada momento.<\/p><p>A PLASBRITOS adotou, na medida da sua m\u00e1xima capacidade, medidas organizativas, t\u00e9cnicas e procedimentais adequadas \u00e0 prote\u00e7\u00e3o de Dados contra perda acidental, adultera\u00e7\u00e3o, divulga\u00e7\u00e3o ou acesso n\u00e3o autorizados ou destrui\u00e7\u00e3o acidental e\/ou il\u00edcita. N\u00e3o \u00e9 suposto e nem razoavelmente expect\u00e1vel que ocorra divulga\u00e7\u00e3o e\/ou qualquer carregamento de dados sens\u00edveis do Utilizador no Website ou atrav\u00e9s dele. Todavia se por qualquer motivo tal vier a acontecer, a PLASBRITOS usar\u00e1 canais dedicados em que os dados fluem encriptados e protegidos por forma a minimizar as possibilidades de uma viola\u00e7\u00e3o acidental de dados.<\/p><p>SEM PREJU\u00cdZO DO QUE ANTECEDE, POR FAVOR TOME EM DEVIDA CONSIDERA\u00c7AO QUE A PLASBRITOS N\u00c3O PODE NATURALMENTE ASSEGURAR UMA SEGURAN\u00c7A INTEGRADA TOTAL DE TODA A INTERNET E QUE A UTILIZA\u00c7\u00c3O DA INTERNET EM GERAL E DO WEBSITE EM PARTICULAR PODE EXP\u00d4-LO\/A E AOS SEUS DADOS AOS RISCOS DE ROUBO, FRAUDE OU A\u00c7\u00c3O FRAUDULENTA POR TERCEIROS QUE EST\u00c3O COMPLETAMENTE FORA DO CONTROLO DA PLASBRITOS. QUALQUER DESSES ATOS PODE CAUSAR-LHE S\u00c9RIO E IRREPAR\u00c1VEL PREJU\u00cdZO PODENDO AT\u00c9 SER PRATICADO DE UMA FORMA QUE N\u00c3O SEJA IMEDIATAMENTE PERCET\u00cdVEL, RASTRE\u00c1VEL OU FACILMENTE CONTROL\u00c1VEL POR SI, O QUE PODER\u00c1 ALASTRAR O ESPETRO DO PREJU\u00cdZO QUE LHE PODE SER POTENCIALMENTE CAUSADO.<\/p><p>A PLASBRITOS ADVERTE PARA UM USO RESPONS\u00c1VEL DA INTERNET, DO WEBSITE E PARA UMA REFLEX\u00c3O PONDERADA NA PRESTA\u00c7\u00c3O DE CONSENTIMENTO PARA OPERA\u00c7\u00d5ES DE TRATAMENTO DOS SEUS DADOS E PARA A DIVULGA\u00c7\u00c3O DOS MESMOS DE FORMA GENERALIZADA OU SEM CRIT\u00c9RIO NA INTERNET.<\/p><p><strong>A quem \u00e9 que a PLASBRITOS pode revelar os meus Dados?<\/strong><\/p><p>A PLASBRITOS n\u00e3o se dedica ao neg\u00f3cio de venda ou de explora\u00e7\u00e3o comercial de Dados ou de dados sobre Dados resultante de uma eventual atividade de perfilagem; pelo que, a divulga\u00e7\u00e3o de Dados a terceiros est\u00e1 muito limitada e apenas ocorrer\u00e1 em estrita conformidade com a Lei e os termos seguintes:<\/p><ul><li>A PLASBRITOS pode partilhar Dados no Universo das sociedades participadas ou agrupadas \u00e0 PLASBRITOS para os fins pr\u00f3prios da sua atividade e para a presta\u00e7\u00e3o integrada de bens ou servi\u00e7os que o Utilizador contrate com a PLASBRITOS.<\/li><li>Dados de Administrador para efeitos de garantia de seguran\u00e7a do Website e\/ou de preven\u00e7\u00e3o ativa de fraudes e ataques;<\/li><li>Na opera\u00e7\u00e3o de storage de dados tendo garantido contratualmente junto dos terceiros prestadores, o cumprimento de termos e condi\u00e7\u00f5es compat\u00edveis com a presente Pol\u00edtica.<\/li><li>No que se refere \u00e0 opera\u00e7\u00e3o do Website a PLASBRITOS pode recorrer a terceiros para o suporte a certas atividades de administra\u00e7\u00e3o e de atualiza\u00e7\u00e3o. Qualquer partilha de Dados com tais terceiros LIMITAR-SE-\u00c1 AO ESTRITAMENTE NECESS\u00c1RIO para os fins de eventual presta\u00e7\u00e3o cabal do servi\u00e7o por parte do terceiro em causa, nas atividades de suporte e de manuten\u00e7\u00e3o do Website.<\/li><\/ul><p>Toda e qualquer revela\u00e7\u00e3o de Dados (se alguma) ser\u00e1 SEMPRE em estrita conformidade com os consentimentos prestados pelos Utilizadores (sempre que aplic\u00e1vel), os demais fundamentos de legitimidade previstos na Lei e em conformidade e no \u00e2mbito desta Pol\u00edtica e do sistema de gest\u00e3o de privacidade dos nossos parceiros.<\/p><p>A PLASBRITOS n\u00e3o revelar\u00e1 Dados ou informa\u00e7\u00e3o confidencial dos Utilizadores cidad\u00e3os da Uni\u00e3o Europeia para fora do territ\u00f3rio da Uni\u00e3o Europeia ou para entidades fora do controle da PLASBRITOS, exceto (1) se o Utilizador o solicitar, consentir ou atuar de forma a determinar a PLASBRITOS doutra forma, que inclui por exemplo a atividade comercial online com recurso ao Website; ou (2) se tal for exigido por Lei; ou (3) imposto por uma ordem ou determina\u00e7\u00e3o judicial ou de uma autoridade oficial ou p\u00fablica com jurisdi\u00e7\u00e3o sobre a PLASBRITOS fora da Uni\u00e3o Europeia.<\/p><p>Salvo na medida em que o contr\u00e1rio seja imposto por Lei, no caso de quaisquer autoridades contactarem a PLASBRITOS determinando-a a revelar os Dados ou Informa\u00e7\u00e3o Confidencial de um Cliente Institucional titular de Dados Empresariais (1) a PLASBRITOS dar\u00e1 imediatamente conta da exist\u00eancia de tal determina\u00e7\u00e3o\/ordem aos visados; (2) procurar\u00e1 que as autoridades demandantes ou ordenantes contactem diretamente o visado e para tal efeito comunicar-lhes-\u00e1 os dados b\u00e1sicos de contacto de que disponha; (3) a PLASBRITOS envidar\u00e1 os esfor\u00e7os razo\u00e1veis para n\u00e3o entregar informa\u00e7\u00e3o excessiva ou que n\u00e3o tenha sido exigida; (4) a PLASBRITOS tentar\u00e1 \u2013 na medida do que lhe for legitimamente permitido sem custos associados &#8211; evitar que quaisquer entidades mandantes\/ordenantes tenham acesso direto aos Dados alojados em sistema, ou \u00e0s chaves-privadas usadas para que o Utilizador possa aceder \u00e0 sua \u00e1rea reservada no Website.<\/p><p>A PLASBRITOS procurar\u00e1 n\u00e3o revelar os dados de Administrador de Sistema a entidades fora do controle da PLASBRITOS salvo por determina\u00e7\u00e3o legal ou judicial.<\/p><p><strong>Onde \u00e9 que a PLASBRITOS trata os meus Dados?<\/strong><\/p><p>Salvo na medida em que o contr\u00e1rio decorra dos outros par\u00e1grafos desta Pol\u00edtica, os Dados s\u00e3o tratados apenas dentro do espa\u00e7o da Uni\u00e3o Europeia.<\/p><p>A PLASBRITOS cumpre a legisla\u00e7\u00e3o Europeia sobre prote\u00e7\u00e3o de dados pessoais no que respeita \u00e0 recolha, tratamento, processamento, armazenagem e manuten\u00e7\u00e3o de dados de cidad\u00e3os da Uni\u00e3o Europeia ou de cidad\u00e3os cujos dados sejam processados no espa\u00e7o da Uni\u00e3o Europeia.<\/p><p><strong>Quem \u00e9 a Entidade Respons\u00e1vel pelo Tratamento?<\/strong><\/p><p>A PLASBRITOS \u00e9 a Entidade Respons\u00e1vel pelo Tratamento para as opera\u00e7\u00f5es de armazenagem em ambiente <em>cloud<\/em>. N\u00e3o existem outras entidades terceiras encarregues do tratamento de Dados recolhidos e tratados a partir do Website.<\/p><p>No caso de o Utilizador pretender exercer algum dos seus direitos deve contactar a PLASBRITOS por escrito para:<\/p><p><strong>Plasbritos \u2013 Ind\u00fastria e Com\u00e9rcio de Pl\u00e1sticos e Acess\u00f3rios T\u00eaxteis, Lda<\/strong><\/p><p>Morada: <strong>Rua Nova do Corujo 147, UF Barcelos, V. Boa, Vila Fresca\u00ednha, 4750-784 Barcelos<\/strong><\/p><p>e-mail: <strong>plasbritos@plasbritos.pt<\/strong><\/p><p><strong>Quais os meus direitos?<\/strong><\/p><p>O Utilizador tem o direito de acesso, retifica\u00e7\u00e3o e\/ou elimina\u00e7\u00e3o (total ou parcial) dos seus Dados, o direito a ser informado sobre as atividades de tratamento, o direito de oposi\u00e7\u00e3o ou de limita\u00e7\u00e3o a opera\u00e7\u00f5es de tratamento, o direito \u00e0 portabilidade (em determinados casos) e os demais que decorram da legisla\u00e7\u00e3o em vigor.<\/p><p>O Utilizador tem ainda o direito de dirigir qualquer queixa ou reclama\u00e7\u00e3o diretamente \u00e0 entidade supervisora das mat\u00e9rias de prote\u00e7\u00e3o de dados em Portugal, que \u00e9 a Comiss\u00e3o Nacional de Dados e de, a seu pedido ao Respons\u00e1vel pelo Tratamento, obter os contactos de tal entidade.<\/p><p>A PLASBRITOS dar\u00e1 resposta aos pedidos que lhe sejam dirigidos nos termos e de acordo com o definido por Lei e de acordo com esta Pol\u00edtica.<\/p><p>Por quanto tempo guardam os meus Dados?<\/p><ul><li>Por todo o prazo em que perdurar o registo do Utilizador online;<\/li><li>Por todo o prazo necess\u00e1rio para o cumprimento pela PLASBRITOS de uma obriga\u00e7\u00e3o contratual\/ pr\u00e9-contratual com o Utilizador, cumprimento pela PLASBRITOS de uma obriga\u00e7\u00e3o legal, prossecu\u00e7\u00e3o pela PLASBRITOS de um leg\u00edtimo interesse razoavelmente atend\u00edvel;<\/li><li>Por todo o prazo em que se mantenha o consentimento do titular para uma finalidade espec\u00edfica, nos casos em que tal constitua o fundamento de legitimidade para o tratamento.<\/li><\/ul><p><strong>Como s\u00e3o eliminados os meus Dados?<\/strong><\/p><p>Os Dados s\u00e3o eliminados com recurso a procedimentos de elimina\u00e7\u00e3o segura que est\u00e3o descritos nos nossos manuais de procedimentos internos.<\/p><p>Os Dados em ambiente digital podem ser anonimizados sempre que a sua remo\u00e7\u00e3o ou elimina\u00e7\u00e3o dos nossos sistemas n\u00e3o seja compagin\u00e1vel com a qualidade integral da base de dados em que eles se integram; designadamente, sempre que a sua elimina\u00e7\u00e3o ou remo\u00e7\u00e3o possa determinar risco consider\u00e1vel de viola\u00e7\u00e3o dos demais dados com eles alojados na mesma base de dados e que se devam manter ativos (risco de integridade ou qualidade de dados sist\u00e9mica da base de dados)<\/p><p>Os Dados em suporte f\u00edsico ser\u00e3o eliminados por processos de destrui\u00e7\u00e3o irrevers\u00edvel.<\/p><p><strong>Que Leis e Foro se aplicam?<\/strong><\/p><p>Os Dados s\u00e3o tratados apenas de acordo com o disposto nesta Pol\u00edtica, com o disposto na Lei em vigor. N\u00e3o ser\u00e3o aplic\u00e1veis quaisquer outras leis aos Dados.<\/p><p>Quaisquer disputas ser\u00e3o submetidas e resolvidas com recurso exclusivo ao foro dos tribunais Portugueses, cuja compet\u00eancia territorial e material ser\u00e1 determinada com recurso \u00e0s leis (de processo) em vigor.<\/p><p>Vers\u00e3o revista e em vigor desde 25 de Maio de 2018<\/p>\t\t\t\t\t\t\t\t<\/div>\n\t\t\t\t<\/div>\n\t\t\t\t\t<\/div>\n\t\t<\/div>\n\t\t\t\t\t<\/div>\n\t\t<\/section>\n\t\t\t\t<\/div>\n\t\t","protected":false},"excerpt":{"rendered":"<p>POL\u00cdTICAS DE PRIVACIDADE E DE UTILIZA\u00c7\u00c3O DE DADOS\u00a0 Plasbritos \u2013 Ind\u00fastria e Com\u00e9rcio de Pl\u00e1sticos e Acess\u00f3rios T\u00eaxteis, Lda Agradecemos a sua visita ao nosso website e o interesse demonstrado nos nossos servi\u00e7os. Com isto em mente, porque a sua privacidade \u00e9 muito importante para n\u00f3s, e queremos que conhe\u00e7a o nosso empenho na privacidade &hellip; <\/p>\n<p class=\"link-more\"><a href=\"https:\/\/plasbritos.pt\/index.php\/politicaeguranca\/\" class=\"more-link\">Read More <span class=\"screen-reader-text\"> &#8220;Politica Seguran\u00e7a&#8221;<\/span><\/a><\/p>\n","protected":false},"author":1,"featured_media":0,"parent":0,"menu_order":0,"comment_status":"closed","ping_status":"closed","template":"","meta":{"footnotes":""},"class_list":["post-6495","page","type-page","status-publish","hentry"],"_links":{"self":[{"href":"https:\/\/plasbritos.pt\/index.php\/wp-json\/wp\/v2\/pages\/6495"}],"collection":[{"href":"https:\/\/plasbritos.pt\/index.php\/wp-json\/wp\/v2\/pages"}],"about":[{"href":"https:\/\/plasbritos.pt\/index.php\/wp-json\/wp\/v2\/types\/page"}],"author":[{"embeddable":true,"href":"https:\/\/plasbritos.pt\/index.php\/wp-json\/wp\/v2\/users\/1"}],"replies":[{"embeddable":true,"href":"https:\/\/plasbritos.pt\/index.php\/wp-json\/wp\/v2\/comments?post=6495"}],"version-history":[{"count":4,"href":"https:\/\/plasbritos.pt\/index.php\/wp-json\/wp\/v2\/pages\/6495\/revisions"}],"predecessor-version":[{"id":6509,"href":"https:\/\/plasbritos.pt\/index.php\/wp-json\/wp\/v2\/pages\/6495\/revisions\/6509"}],"wp:attachment":[{"href":"https:\/\/plasbritos.pt\/index.php\/wp-json\/wp\/v2\/media?parent=6495"}],"curies":[{"name":"wp","href":"https:\/\/api.w.org\/{rel}","templated":true}]}}