{"id":6449,"date":"2019-02-22T17:02:51","date_gmt":"2019-02-22T17:02:51","guid":{"rendered":"http:\/\/plasbritos.pt\/?page_id=6449"},"modified":"2024-06-25T15:18:28","modified_gmt":"2024-06-25T15:18:28","slug":"responsabilidade","status":"publish","type":"page","link":"https:\/\/plasbritos.pt\/index.php\/responsabilidade\/","title":{"rendered":"Responsabilidade Social"},"content":{"rendered":"\t\t<div data-elementor-type=\"wp-post\" data-elementor-id=\"6449\" class=\"elementor elementor-6449\">\n\t\t\t\t\t\t<div class=\"elementor-section elementor-top-section elementor-element elementor-element-2750573 elementor-section-stretched elementor-section-full_width elementor-section-height-default elementor-section-height-default\" data-id=\"2750573\" data-element_type=\"section\" data-e-type=\"section\" data-settings=\"{&quot;stretch_section&quot;:&quot;section-stretched&quot;,&quot;background_background&quot;:&quot;classic&quot;,&quot;shape_divider_bottom&quot;:&quot;mycustomshapesvgfilename&quot;}\">\n\t\t\t\t\t\t<div class=\"elementor-container elementor-column-gap-no\">\n\t\t\t\t\t<div class=\"elementor-column elementor-col-100 elementor-top-column elementor-element elementor-element-abc746d\" data-id=\"abc746d\" data-element_type=\"column\" data-e-type=\"column\">\n\t\t\t<div class=\"elementor-widget-wrap elementor-element-populated\">\n\t\t\t\t\t\t<div class=\"elementor-element elementor-element-4a9b6b7 elementor-widget elementor-widget-heading\" data-id=\"4a9b6b7\" data-element_type=\"widget\" data-e-type=\"widget\" data-widget_type=\"heading.default\">\n\t\t\t\t<div class=\"elementor-widget-container\">\n\t\t\t\t\t<h2 class=\"elementor-heading-title elementor-size-default\">Responsabilidade Social<\/h2>\t\t\t\t<\/div>\n\t\t\t\t<\/div>\n\t\t\t\t\t<\/div>\n\t\t<\/div>\n\t\t\t\t\t<\/div>\n\t\t<\/div>\n\t\t\t\t<section class=\"elementor-section elementor-top-section elementor-element elementor-element-84cbf66 elementor-section-boxed elementor-section-height-default elementor-section-height-default\" data-id=\"84cbf66\" data-element_type=\"section\" data-e-type=\"section\">\n\t\t\t\t\t\t<div class=\"elementor-container elementor-column-gap-default\">\n\t\t\t\t\t<div class=\"elementor-column elementor-col-100 elementor-top-column elementor-element elementor-element-5baa9f7\" data-id=\"5baa9f7\" data-element_type=\"column\" data-e-type=\"column\">\n\t\t\t<div class=\"elementor-widget-wrap elementor-element-populated\">\n\t\t\t\t\t\t<div class=\"elementor-element elementor-element-81fdb2b elementor-widget elementor-widget-text-editor\" data-id=\"81fdb2b\" data-element_type=\"widget\" data-e-type=\"widget\" data-widget_type=\"text-editor.default\">\n\t\t\t\t<div class=\"elementor-widget-container\">\n\t\t\t\t\t\t\t\t\t<h2 class=\"summary\">A responsabilidade social est\u00e1 relacionada com a forma, como as organiza\u00e7\u00f5es operam os seus neg\u00f3cios, de maneira \u00e9tica, social e ambientalmente correta. Ser socialmente respons\u00e1vel, \u00e9 atender \u00e0s expectativas sociais, com transpar\u00eancia, mantendo a coer\u00eancia entre o discurso e a pr\u00e1tica. Este compromisso, serve de instrumento, para a exist\u00eancia de um bom relacionamento da empresa, com o\u00a0 seu p\u00fablico. Uma das formas de responsabilidade social, \u00e9 a pr\u00e1tica da reciclagem, pois al\u00e9m de gerar empregos e diminuir o impacto ambiental, faz despertar as novas gera\u00e7\u00f5es, para assumirem o compromisso da preserva\u00e7\u00e3o do meio ambiente, estimulando, tamb\u00e9m, a consci\u00eancia de preserva\u00e7\u00e3o ecol\u00f3gica dos seus funcion\u00e1rios e consumidores.\u00a0<\/h2>\t\t\t\t\t\t\t\t<\/div>\n\t\t\t\t<\/div>\n\t\t\t\t\t<\/div>\n\t\t<\/div>\n\t\t\t\t\t<\/div>\n\t\t<\/section>\n\t\t\t\t<section class=\"elementor-section elementor-top-section elementor-element elementor-element-31a5169 elementor-section-boxed elementor-section-height-default elementor-section-height-default\" data-id=\"31a5169\" data-element_type=\"section\" data-e-type=\"section\">\n\t\t\t\t\t\t<div class=\"elementor-container elementor-column-gap-default\">\n\t\t\t\t\t<div class=\"elementor-column elementor-col-100 elementor-top-column elementor-element elementor-element-fa59dff\" data-id=\"fa59dff\" data-element_type=\"column\" data-e-type=\"column\">\n\t\t\t<div class=\"elementor-widget-wrap elementor-element-populated\">\n\t\t\t\t\t\t<div class=\"elementor-element elementor-element-232d6dd elementor-widget elementor-widget-text-editor\" data-id=\"232d6dd\" data-element_type=\"widget\" data-e-type=\"widget\" data-widget_type=\"text-editor.default\">\n\t\t\t\t<div class=\"elementor-widget-container\">\n\t\t\t\t\t\t\t\t\t<div id=\"infoTitulo_noticia_2013\" class=\"dotted_top_border noticia_2013_titulo bold\"><strong>Embalagens de pl\u00e1stico, mesmo com gordura, s\u00e3o no Ecoponto Amarelo<\/strong><\/div><p>Hoje em dia, o pl\u00e1stico \u00e9 um dos materiais mais encontrados nos aterros sanit\u00e1rios, representando uma parte significativa das embalagens que v\u00e3o parar aterro. Ao reciclar as suas embalagens usadas, est\u00e1 a contribuir para a redu\u00e7\u00e3o do consumo de recursos naturais,\u00a0 uma vez que a reciclagem de uma tonelada de pl\u00e1stico, economiza 130kg de petr\u00f3leo e promove a poupan\u00e7a de energia em 70%.<\/p><p>Sempre que separar as suas embalagens e as encaminhar para reciclagem, s\u00e3o poupados recursos a n\u00edvel mundial, o que contribui para a redu\u00e7\u00e3o do desperd\u00edcio e da polui\u00e7\u00e3o.<\/p>\t\t\t\t\t\t\t\t<\/div>\n\t\t\t\t<\/div>\n\t\t\t\t\t<\/div>\n\t\t<\/div>\n\t\t\t\t\t<\/div>\n\t\t<\/section>\n\t\t\t\t<section class=\"elementor-section elementor-top-section elementor-element elementor-element-cdfaa9f elementor-section-boxed elementor-section-height-default elementor-section-height-default\" data-id=\"cdfaa9f\" data-element_type=\"section\" data-e-type=\"section\">\n\t\t\t\t\t\t<div class=\"elementor-container elementor-column-gap-default\">\n\t\t\t\t\t<div class=\"elementor-column elementor-col-100 elementor-top-column elementor-element elementor-element-5c709d3\" data-id=\"5c709d3\" data-element_type=\"column\" data-e-type=\"column\">\n\t\t\t<div class=\"elementor-widget-wrap elementor-element-populated\">\n\t\t\t\t\t\t<div class=\"elementor-element elementor-element-7c6465d elementor-widget elementor-widget-text-editor\" data-id=\"7c6465d\" data-element_type=\"widget\" data-e-type=\"widget\" data-widget_type=\"text-editor.default\">\n\t\t\t\t<div class=\"elementor-widget-container\">\n\t\t\t\t\t\t\t\t\t<div id=\"infoTitulo_noticia_2013\" class=\"dotted_top_border noticia_2013_titulo bold\"><div id=\"infoTitulo_noticia_2013\" class=\"dotted_top_border noticia_2013_titulo bold\"><strong>O pl\u00e1stico n\u00e3o \u00e9 todo igual<\/strong><\/div><p>O pl\u00e1stico n\u00e3o \u00e9 todo igual e cada um apresenta caracter\u00edsticas e utilidades diferentes depois de reciclado. Por exemplo, o Polipropileno (PP) \u00e9 um tipo de pl\u00e1stico utilizado frequentemente em detergentes e produtos de higiene.<\/p><p>De baixo custo e de f\u00e1cil moldagem e colora\u00e7\u00e3o, tamb\u00e9m pode ser aplicado em tecidos, sacos de r\u00e1fia, pe\u00e7as para autom\u00f3veis e electrodom\u00e9sticos e at\u00e9 para material hospitalar.<\/p><p>Agora j\u00e1 sabe: d\u00ea uma nova vida \u00e0s embalagens dos produtos de limpeza e higiene colocando-os no ecoponto amarelo \ud83d\ude00<\/p><\/div>\t\t\t\t\t\t\t\t<\/div>\n\t\t\t\t<\/div>\n\t\t\t\t<div class=\"elementor-element elementor-element-4fe069f elementor-widget elementor-widget-spacer\" data-id=\"4fe069f\" data-element_type=\"widget\" data-e-type=\"widget\" data-widget_type=\"spacer.default\">\n\t\t\t\t<div class=\"elementor-widget-container\">\n\t\t\t\t\t\t\t<div class=\"elementor-spacer\">\n\t\t\t<div class=\"elementor-spacer-inner\"><\/div>\n\t\t<\/div>\n\t\t\t\t\t\t<\/div>\n\t\t\t\t<\/div>\n\t\t\t\t\t<\/div>\n\t\t<\/div>\n\t\t\t\t\t<\/div>\n\t\t<\/section>\n\t\t\t\t<\/div>\n\t\t","protected":false},"excerpt":{"rendered":"<p>Responsabilidade Social A responsabilidade social est\u00e1 relacionada com a forma, como as organiza\u00e7\u00f5es operam os seus neg\u00f3cios, de maneira \u00e9tica, social e ambientalmente correta. Ser socialmente respons\u00e1vel, \u00e9 atender \u00e0s expectativas sociais, com transpar\u00eancia, mantendo a coer\u00eancia entre o discurso e a pr\u00e1tica. Este compromisso, serve de instrumento, para a exist\u00eancia de um bom relacionamento &hellip; <\/p>\n<p class=\"link-more\"><a href=\"https:\/\/plasbritos.pt\/index.php\/responsabilidade\/\" class=\"more-link\">Read More <span class=\"screen-reader-text\"> &#8220;Responsabilidade Social&#8221;<\/span><\/a><\/p>\n","protected":false},"author":1,"featured_media":0,"parent":0,"menu_order":0,"comment_status":"closed","ping_status":"closed","template":"page-elementor.php","meta":{"footnotes":""},"class_list":["post-6449","page","type-page","status-publish","hentry"],"_links":{"self":[{"href":"https:\/\/plasbritos.pt\/index.php\/wp-json\/wp\/v2\/pages\/6449"}],"collection":[{"href":"https:\/\/plasbritos.pt\/index.php\/wp-json\/wp\/v2\/pages"}],"about":[{"href":"https:\/\/plasbritos.pt\/index.php\/wp-json\/wp\/v2\/types\/page"}],"author":[{"embeddable":true,"href":"https:\/\/plasbritos.pt\/index.php\/wp-json\/wp\/v2\/users\/1"}],"replies":[{"embeddable":true,"href":"https:\/\/plasbritos.pt\/index.php\/wp-json\/wp\/v2\/comments?post=6449"}],"version-history":[{"count":20,"href":"https:\/\/plasbritos.pt\/index.php\/wp-json\/wp\/v2\/pages\/6449\/revisions"}],"predecessor-version":[{"id":7526,"href":"https:\/\/plasbritos.pt\/index.php\/wp-json\/wp\/v2\/pages\/6449\/revisions\/7526"}],"wp:attachment":[{"href":"https:\/\/plasbritos.pt\/index.php\/wp-json\/wp\/v2\/media?parent=6449"}],"curies":[{"name":"wp","href":"https:\/\/api.w.org\/{rel}","templated":true}]}}