{"id":6127,"date":"2019-02-21T09:57:07","date_gmt":"2019-02-21T09:57:07","guid":{"rendered":"http:\/\/plasbritos.pt\/?page_id=6127"},"modified":"2025-04-15T11:45:27","modified_gmt":"2025-04-15T10:45:27","slug":"personalizar","status":"publish","type":"page","link":"https:\/\/plasbritos.pt\/index.php\/personalizar\/","title":{"rendered":"Personalizar"},"content":{"rendered":"\t\t<div data-elementor-type=\"wp-post\" data-elementor-id=\"6127\" class=\"elementor elementor-6127\">\n\t\t\t\t\t\t<section class=\"elementor-section elementor-top-section elementor-element elementor-element-339111d elementor-section-boxed elementor-section-height-default elementor-section-height-default\" data-id=\"339111d\" data-element_type=\"section\" data-e-type=\"section\">\n\t\t\t\t\t\t<div class=\"elementor-container elementor-column-gap-default\">\n\t\t\t\t\t<div class=\"elementor-column elementor-col-100 elementor-top-column elementor-element elementor-element-d57b447\" data-id=\"d57b447\" data-element_type=\"column\" data-e-type=\"column\">\n\t\t\t<div class=\"elementor-widget-wrap elementor-element-populated\">\n\t\t\t\t\t\t<div class=\"elementor-element elementor-element-411bc86 elementor-widget elementor-widget-spacer\" data-id=\"411bc86\" data-element_type=\"widget\" data-e-type=\"widget\" data-widget_type=\"spacer.default\">\n\t\t\t\t<div class=\"elementor-widget-container\">\n\t\t\t\t\t\t\t<div class=\"elementor-spacer\">\n\t\t\t<div class=\"elementor-spacer-inner\"><\/div>\n\t\t<\/div>\n\t\t\t\t\t\t<\/div>\n\t\t\t\t<\/div>\n\t\t\t\t<div class=\"elementor-element elementor-element-ca53ec1 elementor-widget elementor-widget-heading\" data-id=\"ca53ec1\" data-element_type=\"widget\" data-e-type=\"widget\" data-widget_type=\"heading.default\">\n\t\t\t\t<div class=\"elementor-widget-container\">\n\t\t\t\t\t<h2 class=\"elementor-heading-title elementor-size-default\">Desafie-nos a desenvolver o seu produto!<\/h2>\t\t\t\t<\/div>\n\t\t\t\t<\/div>\n\t\t\t\t<div class=\"elementor-element elementor-element-337171a elementor-widget elementor-widget-text-editor\" data-id=\"337171a\" data-element_type=\"widget\" data-e-type=\"widget\" data-widget_type=\"text-editor.default\">\n\t\t\t\t<div class=\"elementor-widget-container\">\n\t\t\t\t\t\t\t\t\t<p style=\"text-align: center;\">Criamos a sua embalagem: <strong>personalizamos<\/strong>\u00a0e <strong>desenvolvemos<\/strong> o produto que o nosso cliente tem em mente. Seja o tamanho, a cor, o fecho, a aplica\u00e7\u00e3o ou a\u00a0 finalidade, <strong>correspondemos \u00e0s necessidades do seu neg\u00f3cio<\/strong>.<\/p><p style=\"text-align: center;\">Deixamos-lhe alguns exemplos do nosso trabalho.<\/p><p style=\"text-align: center;\">Desafie-nos a desenvolver o seu produto!<\/p>\t\t\t\t\t\t\t\t<\/div>\n\t\t\t\t<\/div>\n\t\t\t\t<div class=\"elementor-element elementor-element-3ae15d2 elementor-widget elementor-widget-spacer\" data-id=\"3ae15d2\" data-element_type=\"widget\" data-e-type=\"widget\" data-widget_type=\"spacer.default\">\n\t\t\t\t<div class=\"elementor-widget-container\">\n\t\t\t\t\t\t\t<div class=\"elementor-spacer\">\n\t\t\t<div class=\"elementor-spacer-inner\"><\/div>\n\t\t<\/div>\n\t\t\t\t\t\t<\/div>\n\t\t\t\t<\/div>\n\t\t\t\t\t<\/div>\n\t\t<\/div>\n\t\t\t\t\t<\/div>\n\t\t<\/section>\n\t\t\t\t<div class=\"elementor-section elementor-top-section elementor-element elementor-element-d9435cf elementor-section-stretched elementor-section-full_width elementor-section-height-default elementor-section-height-default\" data-id=\"d9435cf\" data-element_type=\"section\" data-e-type=\"section\" data-settings=\"{&quot;stretch_section&quot;:&quot;section-stretched&quot;}\">\n\t\t\t\t\t\t<div class=\"elementor-container elementor-column-gap-no\">\n\t\t\t\t\t<div class=\"elementor-column elementor-col-50 elementor-top-column elementor-element elementor-element-a48b3e6\" data-id=\"a48b3e6\" data-element_type=\"column\" data-e-type=\"column\">\n\t\t\t<div class=\"elementor-widget-wrap elementor-element-populated\">\n\t\t\t\t\t\t<div class=\"elementor-element elementor-element-6a79805 elementor-widget elementor-widget-heading\" data-id=\"6a79805\" data-element_type=\"widget\" data-e-type=\"widget\" data-widget_type=\"heading.default\">\n\t\t\t\t<div class=\"elementor-widget-container\">\n\t\t\t\t\t<h2 class=\"elementor-heading-title elementor-size-default\">Personalizamos Dimens\u00f5es e Espessuras<\/h2>\t\t\t\t<\/div>\n\t\t\t\t<\/div>\n\t\t\t\t<div class=\"elementor-element elementor-element-2606e6e elementor-widget elementor-widget-image\" data-id=\"2606e6e\" data-element_type=\"widget\" data-e-type=\"widget\" data-widget_type=\"image.default\">\n\t\t\t\t<div class=\"elementor-widget-container\">\n\t\t\t\t\t\t\t\t\t\t\t\t\t\t\t<img fetchpriority=\"high\" decoding=\"async\" width=\"300\" height=\"188\" src=\"https:\/\/plasbritos.pt\/wp-content\/uploads\/2019\/04\/tamanho_2-300x188.jpg\" class=\"attachment-medium size-medium wp-image-6567\" alt=\"\" srcset=\"https:\/\/plasbritos.pt\/wp-content\/uploads\/2019\/04\/tamanho_2-300x188.jpg 300w, https:\/\/plasbritos.pt\/wp-content\/uploads\/2019\/04\/tamanho_2-768x480.jpg 768w, https:\/\/plasbritos.pt\/wp-content\/uploads\/2019\/04\/tamanho_2-400x250.jpg 400w, https:\/\/plasbritos.pt\/wp-content\/uploads\/2019\/04\/tamanho_2-600x375.jpg 600w, https:\/\/plasbritos.pt\/wp-content\/uploads\/2019\/04\/tamanho_2.jpg 960w\" sizes=\"(max-width: 300px) 100vw, 300px\" \/>\t\t\t\t\t\t\t\t\t\t\t\t\t\t\t<\/div>\n\t\t\t\t<\/div>\n\t\t\t\t\t<\/div>\n\t\t<\/div>\n\t\t\t\t<div class=\"elementor-column elementor-col-50 elementor-top-column elementor-element elementor-element-747fab2\" data-id=\"747fab2\" data-element_type=\"column\" data-e-type=\"column\">\n\t\t\t<div class=\"elementor-widget-wrap elementor-element-populated\">\n\t\t\t\t\t\t<div class=\"elementor-element elementor-element-534f380 elementor-widget elementor-widget-heading\" data-id=\"534f380\" data-element_type=\"widget\" data-e-type=\"widget\" data-widget_type=\"heading.default\">\n\t\t\t\t<div class=\"elementor-widget-container\">\n\t\t\t\t\t<h2 class=\"elementor-heading-title elementor-size-default\">Personalizamos Fundos<\/h2>\t\t\t\t<\/div>\n\t\t\t\t<\/div>\n\t\t\t\t<div class=\"elementor-element elementor-element-3b1dd48 elementor-widget elementor-widget-image\" data-id=\"3b1dd48\" data-element_type=\"widget\" data-e-type=\"widget\" data-widget_type=\"image.default\">\n\t\t\t\t<div class=\"elementor-widget-container\">\n\t\t\t\t\t\t\t\t\t\t\t\t\t\t\t<img decoding=\"async\" width=\"300\" height=\"188\" src=\"https:\/\/plasbritos.pt\/wp-content\/uploads\/2019\/02\/fundo-300x188.jpg\" class=\"attachment-medium size-medium wp-image-6289\" alt=\"\" srcset=\"https:\/\/plasbritos.pt\/wp-content\/uploads\/2019\/02\/fundo-300x188.jpg 300w, https:\/\/plasbritos.pt\/wp-content\/uploads\/2019\/02\/fundo-768x480.jpg 768w, https:\/\/plasbritos.pt\/wp-content\/uploads\/2019\/02\/fundo-400x250.jpg 400w, https:\/\/plasbritos.pt\/wp-content\/uploads\/2019\/02\/fundo-600x375.jpg 600w, https:\/\/plasbritos.pt\/wp-content\/uploads\/2019\/02\/fundo.jpg 960w\" sizes=\"(max-width: 300px) 100vw, 300px\" \/>\t\t\t\t\t\t\t\t\t\t\t\t\t\t\t<\/div>\n\t\t\t\t<\/div>\n\t\t\t\t\t<\/div>\n\t\t<\/div>\n\t\t\t\t\t<\/div>\n\t\t<\/div>\n\t\t\t\t<div class=\"elementor-section elementor-top-section elementor-element elementor-element-92e0d60 elementor-section-stretched elementor-section-full_width elementor-section-height-default elementor-section-height-default\" data-id=\"92e0d60\" data-element_type=\"section\" data-e-type=\"section\" data-settings=\"{&quot;stretch_section&quot;:&quot;section-stretched&quot;}\">\n\t\t\t\t\t\t<div class=\"elementor-container elementor-column-gap-no\">\n\t\t\t\t\t<div class=\"elementor-column elementor-col-50 elementor-top-column elementor-element elementor-element-3e6c70e\" data-id=\"3e6c70e\" data-element_type=\"column\" data-e-type=\"column\">\n\t\t\t<div class=\"elementor-widget-wrap elementor-element-populated\">\n\t\t\t\t\t\t<div class=\"elementor-element elementor-element-4f53ebd elementor-widget elementor-widget-spacer\" data-id=\"4f53ebd\" data-element_type=\"widget\" data-e-type=\"widget\" data-widget_type=\"spacer.default\">\n\t\t\t\t<div class=\"elementor-widget-container\">\n\t\t\t\t\t\t\t<div class=\"elementor-spacer\">\n\t\t\t<div class=\"elementor-spacer-inner\"><\/div>\n\t\t<\/div>\n\t\t\t\t\t\t<\/div>\n\t\t\t\t<\/div>\n\t\t\t\t<div class=\"elementor-element elementor-element-1eda656 elementor-widget elementor-widget-heading\" data-id=\"1eda656\" data-element_type=\"widget\" data-e-type=\"widget\" data-widget_type=\"heading.default\">\n\t\t\t\t<div class=\"elementor-widget-container\">\n\t\t\t\t\t<h2 class=\"elementor-heading-title elementor-size-default\">Personalizamos o Fecho<\/h2>\t\t\t\t<\/div>\n\t\t\t\t<\/div>\n\t\t\t\t<div class=\"elementor-element elementor-element-6b54165 elementor-widget elementor-widget-image\" data-id=\"6b54165\" data-element_type=\"widget\" data-e-type=\"widget\" data-widget_type=\"image.default\">\n\t\t\t\t<div class=\"elementor-widget-container\">\n\t\t\t\t\t\t\t\t\t\t\t\t\t\t\t<img decoding=\"async\" width=\"300\" height=\"188\" src=\"https:\/\/plasbritos.pt\/wp-content\/uploads\/2019\/02\/extras-300x188.jpg\" class=\"attachment-medium size-medium wp-image-6304\" alt=\"\" srcset=\"https:\/\/plasbritos.pt\/wp-content\/uploads\/2019\/02\/extras-300x188.jpg 300w, https:\/\/plasbritos.pt\/wp-content\/uploads\/2019\/02\/extras-768x480.jpg 768w, https:\/\/plasbritos.pt\/wp-content\/uploads\/2019\/02\/extras-400x250.jpg 400w, https:\/\/plasbritos.pt\/wp-content\/uploads\/2019\/02\/extras-600x375.jpg 600w, https:\/\/plasbritos.pt\/wp-content\/uploads\/2019\/02\/extras.jpg 960w\" sizes=\"(max-width: 300px) 100vw, 300px\" \/>\t\t\t\t\t\t\t\t\t\t\t\t\t\t\t<\/div>\n\t\t\t\t<\/div>\n\t\t\t\t\t<\/div>\n\t\t<\/div>\n\t\t\t\t<div class=\"elementor-column elementor-col-50 elementor-top-column elementor-element elementor-element-a7a9136\" data-id=\"a7a9136\" data-element_type=\"column\" data-e-type=\"column\">\n\t\t\t<div class=\"elementor-widget-wrap elementor-element-populated\">\n\t\t\t\t\t\t<div class=\"elementor-element elementor-element-5a53777 elementor-widget elementor-widget-spacer\" data-id=\"5a53777\" data-element_type=\"widget\" data-e-type=\"widget\" data-widget_type=\"spacer.default\">\n\t\t\t\t<div class=\"elementor-widget-container\">\n\t\t\t\t\t\t\t<div class=\"elementor-spacer\">\n\t\t\t<div class=\"elementor-spacer-inner\"><\/div>\n\t\t<\/div>\n\t\t\t\t\t\t<\/div>\n\t\t\t\t<\/div>\n\t\t\t\t<div class=\"elementor-element elementor-element-4b7c85c elementor-widget elementor-widget-heading\" data-id=\"4b7c85c\" data-element_type=\"widget\" data-e-type=\"widget\" data-widget_type=\"heading.default\">\n\t\t\t\t<div class=\"elementor-widget-container\">\n\t\t\t\t\t<h2 class=\"elementor-heading-title elementor-size-default\">Personalizamos Palas<\/h2>\t\t\t\t<\/div>\n\t\t\t\t<\/div>\n\t\t\t\t<div class=\"elementor-element elementor-element-6989782 elementor-widget elementor-widget-image\" data-id=\"6989782\" data-element_type=\"widget\" data-e-type=\"widget\" data-widget_type=\"image.default\">\n\t\t\t\t<div class=\"elementor-widget-container\">\n\t\t\t\t\t\t\t\t\t\t\t\t\t\t\t<img loading=\"lazy\" decoding=\"async\" width=\"300\" height=\"188\" src=\"https:\/\/plasbritos.pt\/wp-content\/uploads\/2019\/02\/fecho-300x188.jpg\" class=\"attachment-medium size-medium wp-image-6292\" alt=\"\" srcset=\"https:\/\/plasbritos.pt\/wp-content\/uploads\/2019\/02\/fecho-300x188.jpg 300w, https:\/\/plasbritos.pt\/wp-content\/uploads\/2019\/02\/fecho-768x480.jpg 768w, https:\/\/plasbritos.pt\/wp-content\/uploads\/2019\/02\/fecho-400x250.jpg 400w, https:\/\/plasbritos.pt\/wp-content\/uploads\/2019\/02\/fecho-600x375.jpg 600w, https:\/\/plasbritos.pt\/wp-content\/uploads\/2019\/02\/fecho.jpg 960w\" sizes=\"(max-width: 300px) 100vw, 300px\" \/>\t\t\t\t\t\t\t\t\t\t\t\t\t\t\t<\/div>\n\t\t\t\t<\/div>\n\t\t\t\t\t<\/div>\n\t\t<\/div>\n\t\t\t\t\t<\/div>\n\t\t<\/div>\n\t\t\t\t<div class=\"elementor-section elementor-top-section elementor-element elementor-element-47a72dd elementor-section-stretched elementor-section-full_width elementor-section-height-default elementor-section-height-default\" data-id=\"47a72dd\" data-element_type=\"section\" data-e-type=\"section\" data-settings=\"{&quot;stretch_section&quot;:&quot;section-stretched&quot;}\">\n\t\t\t\t\t\t<div class=\"elementor-container elementor-column-gap-no\">\n\t\t\t\t\t<div class=\"elementor-column elementor-col-50 elementor-top-column elementor-element elementor-element-2e5f34c\" data-id=\"2e5f34c\" data-element_type=\"column\" data-e-type=\"column\">\n\t\t\t<div class=\"elementor-widget-wrap elementor-element-populated\">\n\t\t\t\t\t\t<div class=\"elementor-element elementor-element-fd4db39 elementor-widget elementor-widget-spacer\" data-id=\"fd4db39\" data-element_type=\"widget\" data-e-type=\"widget\" data-widget_type=\"spacer.default\">\n\t\t\t\t<div class=\"elementor-widget-container\">\n\t\t\t\t\t\t\t<div class=\"elementor-spacer\">\n\t\t\t<div class=\"elementor-spacer-inner\"><\/div>\n\t\t<\/div>\n\t\t\t\t\t\t<\/div>\n\t\t\t\t<\/div>\n\t\t\t\t<div class=\"elementor-element elementor-element-0b72a1b elementor-widget elementor-widget-heading\" data-id=\"0b72a1b\" data-element_type=\"widget\" data-e-type=\"widget\" data-widget_type=\"heading.default\">\n\t\t\t\t<div class=\"elementor-widget-container\">\n\t\t\t\t\t<h2 class=\"elementor-heading-title elementor-size-default\">Personalizamos Cor ou Acabamento<\/h2>\t\t\t\t<\/div>\n\t\t\t\t<\/div>\n\t\t\t\t<div class=\"elementor-element elementor-element-bd0fff9 elementor-widget elementor-widget-image\" data-id=\"bd0fff9\" data-element_type=\"widget\" data-e-type=\"widget\" data-widget_type=\"image.default\">\n\t\t\t\t<div class=\"elementor-widget-container\">\n\t\t\t\t\t\t\t\t\t\t\t\t\t\t\t<img loading=\"lazy\" decoding=\"async\" width=\"300\" height=\"188\" src=\"https:\/\/plasbritos.pt\/wp-content\/uploads\/2019\/04\/cores_2-300x188.jpg\" class=\"attachment-medium size-medium wp-image-6565\" alt=\"\" srcset=\"https:\/\/plasbritos.pt\/wp-content\/uploads\/2019\/04\/cores_2-300x188.jpg 300w, https:\/\/plasbritos.pt\/wp-content\/uploads\/2019\/04\/cores_2-768x480.jpg 768w, https:\/\/plasbritos.pt\/wp-content\/uploads\/2019\/04\/cores_2-400x250.jpg 400w, https:\/\/plasbritos.pt\/wp-content\/uploads\/2019\/04\/cores_2-600x375.jpg 600w, https:\/\/plasbritos.pt\/wp-content\/uploads\/2019\/04\/cores_2.jpg 960w\" sizes=\"(max-width: 300px) 100vw, 300px\" \/>\t\t\t\t\t\t\t\t\t\t\t\t\t\t\t<\/div>\n\t\t\t\t<\/div>\n\t\t\t\t\t<\/div>\n\t\t<\/div>\n\t\t\t\t<div class=\"elementor-column elementor-col-50 elementor-top-column elementor-element elementor-element-11d6392\" data-id=\"11d6392\" data-element_type=\"column\" data-e-type=\"column\">\n\t\t\t<div class=\"elementor-widget-wrap elementor-element-populated\">\n\t\t\t\t\t\t<div class=\"elementor-element elementor-element-4056a59 elementor-widget elementor-widget-heading\" data-id=\"4056a59\" data-element_type=\"widget\" data-e-type=\"widget\" data-widget_type=\"heading.default\">\n\t\t\t\t<div class=\"elementor-widget-container\">\n\t\t\t\t\t<h2 class=\"elementor-heading-title elementor-size-default\"><br>PERSONALIZAMOS FITAS SINALIZADORAS<\/h2>\t\t\t\t<\/div>\n\t\t\t\t<\/div>\n\t\t\t\t<div class=\"elementor-element elementor-element-d6e0fa6 elementor-widget elementor-widget-image\" data-id=\"d6e0fa6\" data-element_type=\"widget\" data-e-type=\"widget\" data-widget_type=\"image.default\">\n\t\t\t\t<div class=\"elementor-widget-container\">\n\t\t\t\t\t\t\t\t\t\t\t\t\t\t\t<img loading=\"lazy\" decoding=\"async\" width=\"300\" height=\"188\" src=\"https:\/\/plasbritos.pt\/wp-content\/uploads\/2019\/02\/fitas-300x188.jpg\" class=\"attachment-medium size-medium wp-image-6306\" alt=\"\" srcset=\"https:\/\/plasbritos.pt\/wp-content\/uploads\/2019\/02\/fitas-300x188.jpg 300w, https:\/\/plasbritos.pt\/wp-content\/uploads\/2019\/02\/fitas-768x480.jpg 768w, https:\/\/plasbritos.pt\/wp-content\/uploads\/2019\/02\/fitas-400x250.jpg 400w, https:\/\/plasbritos.pt\/wp-content\/uploads\/2019\/02\/fitas-600x375.jpg 600w, https:\/\/plasbritos.pt\/wp-content\/uploads\/2019\/02\/fitas.jpg 960w\" sizes=\"(max-width: 300px) 100vw, 300px\" \/>\t\t\t\t\t\t\t\t\t\t\t\t\t\t\t<\/div>\n\t\t\t\t<\/div>\n\t\t\t\t<div class=\"elementor-element elementor-element-9bd5a60 elementor-widget elementor-widget-spacer\" data-id=\"9bd5a60\" data-element_type=\"widget\" data-e-type=\"widget\" data-widget_type=\"spacer.default\">\n\t\t\t\t<div class=\"elementor-widget-container\">\n\t\t\t\t\t\t\t<div class=\"elementor-spacer\">\n\t\t\t<div class=\"elementor-spacer-inner\"><\/div>\n\t\t<\/div>\n\t\t\t\t\t\t<\/div>\n\t\t\t\t<\/div>\n\t\t\t\t\t<\/div>\n\t\t<\/div>\n\t\t\t\t\t<\/div>\n\t\t<\/div>\n\t\t\t\t<div class=\"elementor-section elementor-top-section elementor-element elementor-element-282d408 elementor-section-stretched elementor-section-full_width elementor-section-height-default elementor-section-height-default\" data-id=\"282d408\" data-element_type=\"section\" data-e-type=\"section\" data-settings=\"{&quot;stretch_section&quot;:&quot;section-stretched&quot;}\">\n\t\t\t\t\t\t<div class=\"elementor-container elementor-column-gap-no\">\n\t\t\t\t\t<div class=\"elementor-column elementor-col-50 elementor-top-column elementor-element elementor-element-9826db1\" data-id=\"9826db1\" data-element_type=\"column\" data-e-type=\"column\">\n\t\t\t<div class=\"elementor-widget-wrap elementor-element-populated\">\n\t\t\t\t\t\t<div class=\"elementor-element elementor-element-93233e4 elementor-widget elementor-widget-spacer\" data-id=\"93233e4\" data-element_type=\"widget\" data-e-type=\"widget\" data-widget_type=\"spacer.default\">\n\t\t\t\t<div class=\"elementor-widget-container\">\n\t\t\t\t\t\t\t<div class=\"elementor-spacer\">\n\t\t\t<div class=\"elementor-spacer-inner\"><\/div>\n\t\t<\/div>\n\t\t\t\t\t\t<\/div>\n\t\t\t\t<\/div>\n\t\t\t\t<div class=\"elementor-element elementor-element-036f229 elementor-widget elementor-widget-spacer\" data-id=\"036f229\" data-element_type=\"widget\" data-e-type=\"widget\" data-widget_type=\"spacer.default\">\n\t\t\t\t<div class=\"elementor-widget-container\">\n\t\t\t\t\t\t\t<div class=\"elementor-spacer\">\n\t\t\t<div class=\"elementor-spacer-inner\"><\/div>\n\t\t<\/div>\n\t\t\t\t\t\t<\/div>\n\t\t\t\t<\/div>\n\t\t\t\t\t<\/div>\n\t\t<\/div>\n\t\t\t\t<div class=\"elementor-column elementor-col-50 elementor-top-column elementor-element elementor-element-ef5e9c4\" data-id=\"ef5e9c4\" data-element_type=\"column\" data-e-type=\"column\">\n\t\t\t<div class=\"elementor-widget-wrap elementor-element-populated\">\n\t\t\t\t\t\t<div class=\"elementor-element elementor-element-1a7a9d8 elementor-widget elementor-widget-spacer\" data-id=\"1a7a9d8\" data-element_type=\"widget\" data-e-type=\"widget\" data-widget_type=\"spacer.default\">\n\t\t\t\t<div class=\"elementor-widget-container\">\n\t\t\t\t\t\t\t<div class=\"elementor-spacer\">\n\t\t\t<div class=\"elementor-spacer-inner\"><\/div>\n\t\t<\/div>\n\t\t\t\t\t\t<\/div>\n\t\t\t\t<\/div>\n\t\t\t\t<div class=\"elementor-element elementor-element-7b6d659 elementor-widget elementor-widget-heading\" data-id=\"7b6d659\" data-element_type=\"widget\" data-e-type=\"widget\" data-widget_type=\"heading.default\">\n\t\t\t\t<div class=\"elementor-widget-container\">\n\t\t\t\t\t<h2 class=\"elementor-heading-title elementor-size-default\">Pe\u00e7a-nos um Or\u00e7amento<\/h2>\t\t\t\t<\/div>\n\t\t\t\t<\/div>\n\t\t\t\t<div class=\"elementor-element elementor-element-88d4241 elementor-widget__width-initial elementor-widget elementor-widget-text-editor\" data-id=\"88d4241\" data-element_type=\"widget\" data-e-type=\"widget\" data-widget_type=\"text-editor.default\">\n\t\t\t\t<div class=\"elementor-widget-container\">\n\t\t\t\t\t\t\t\t\t<p style=\"text-align: center;\">Conseguiu ver o que deseja?\u00a0Pretende um produto diferente das op\u00e7\u00f5es que lhe mostramos aqui?\u00a0<\/p><p style=\"text-align: center;\">Pe\u00e7a-nos um or\u00e7amento, ou simplesmente, exponha-nos a informa\u00e7\u00e3o que precisa de esclarecer.\u00a0<\/p><p style=\"text-align: center;\">Estamos deste lado, a estudar a sua ideia e a criar o produto ideal para si!<\/p>\t\t\t\t\t\t\t\t<\/div>\n\t\t\t\t<\/div>\n\t\t\t\t<div class=\"elementor-element elementor-element-5df99c0 elementor-widget elementor-widget-spacer\" data-id=\"5df99c0\" data-element_type=\"widget\" data-e-type=\"widget\" data-widget_type=\"spacer.default\">\n\t\t\t\t<div class=\"elementor-widget-container\">\n\t\t\t\t\t\t\t<div class=\"elementor-spacer\">\n\t\t\t<div class=\"elementor-spacer-inner\"><\/div>\n\t\t<\/div>\n\t\t\t\t\t\t<\/div>\n\t\t\t\t<\/div>\n\t\t\t\t<div class=\"elementor-element elementor-element-5c0b1c5 elementor-align-center elementor-widget elementor-widget-button\" data-id=\"5c0b1c5\" data-element_type=\"widget\" data-e-type=\"widget\" data-widget_type=\"button.default\">\n\t\t\t\t<div class=\"elementor-widget-container\">\n\t\t\t\t\t\t\t\t\t<div class=\"elementor-button-wrapper\">\n\t\t\t\t\t<a class=\"elementor-button elementor-button-link elementor-size-sm\" href=\"https:\/\/plasbritos.pt\/index.php\/orcamentos\/\" target=\"_blank\">\n\t\t\t\t\t\t<span class=\"elementor-button-content-wrapper\">\n\t\t\t\t\t\t\t\t\t<span class=\"elementor-button-text\">Or\u00e7amento\/Pedido Estudo<\/span>\n\t\t\t\t\t<\/span>\n\t\t\t\t\t<\/a>\n\t\t\t\t<\/div>\n\t\t\t\t\t\t\t\t<\/div>\n\t\t\t\t<\/div>\n\t\t\t\t\t<\/div>\n\t\t<\/div>\n\t\t\t\t\t<\/div>\n\t\t<\/div>\n\t\t\t\t<\/div>\n\t\t","protected":false},"excerpt":{"rendered":"<p>Desafie-nos a desenvolver o seu produto! Criamos a sua embalagem: personalizamos\u00a0e desenvolvemos o produto que o nosso cliente tem em mente. Seja o tamanho, a cor, o fecho, a aplica\u00e7\u00e3o ou a\u00a0 finalidade, correspondemos \u00e0s necessidades do seu neg\u00f3cio. Deixamos-lhe alguns exemplos do nosso trabalho. Desafie-nos a desenvolver o seu produto! Personalizamos Dimens\u00f5es e Espessuras &hellip; <\/p>\n<p class=\"link-more\"><a href=\"https:\/\/plasbritos.pt\/index.php\/personalizar\/\" class=\"more-link\">Read More <span class=\"screen-reader-text\"> &#8220;Personalizar&#8221;<\/span><\/a><\/p>\n","protected":false},"author":1,"featured_media":0,"parent":0,"menu_order":0,"comment_status":"closed","ping_status":"closed","template":"page-elementor.php","meta":{"footnotes":""},"class_list":["post-6127","page","type-page","status-publish","hentry"],"_links":{"self":[{"href":"https:\/\/plasbritos.pt\/index.php\/wp-json\/wp\/v2\/pages\/6127"}],"collection":[{"href":"https:\/\/plasbritos.pt\/index.php\/wp-json\/wp\/v2\/pages"}],"about":[{"href":"https:\/\/plasbritos.pt\/index.php\/wp-json\/wp\/v2\/types\/page"}],"author":[{"embeddable":true,"href":"https:\/\/plasbritos.pt\/index.php\/wp-json\/wp\/v2\/users\/1"}],"replies":[{"embeddable":true,"href":"https:\/\/plasbritos.pt\/index.php\/wp-json\/wp\/v2\/comments?post=6127"}],"version-history":[{"count":50,"href":"https:\/\/plasbritos.pt\/index.php\/wp-json\/wp\/v2\/pages\/6127\/revisions"}],"predecessor-version":[{"id":7841,"href":"https:\/\/plasbritos.pt\/index.php\/wp-json\/wp\/v2\/pages\/6127\/revisions\/7841"}],"wp:attachment":[{"href":"https:\/\/plasbritos.pt\/index.php\/wp-json\/wp\/v2\/media?parent=6127"}],"curies":[{"name":"wp","href":"https:\/\/api.w.org\/{rel}","templated":true}]}}