{"id":4504,"date":"2018-12-27T02:58:35","date_gmt":"2018-12-27T02:58:35","guid":{"rendered":"http:\/\/source.wpopal.com\/x-street\/?page_id=4504"},"modified":"2024-10-30T17:14:03","modified_gmt":"2024-10-30T16:14:03","slug":"contact","status":"publish","type":"page","link":"https:\/\/plasbritos.pt\/index.php\/contact\/","title":{"rendered":"Contactos"},"content":{"rendered":"\t\t<div data-elementor-type=\"wp-post\" data-elementor-id=\"4504\" class=\"elementor elementor-4504\">\n\t\t\t\t\t\t<div class=\"elementor-section elementor-top-section elementor-element elementor-element-2750573 elementor-section-stretched elementor-section-full_width elementor-section-height-default elementor-section-height-default\" data-id=\"2750573\" data-element_type=\"section\" data-e-type=\"section\" data-settings=\"{&quot;stretch_section&quot;:&quot;section-stretched&quot;,&quot;background_background&quot;:&quot;classic&quot;,&quot;shape_divider_bottom&quot;:&quot;mycustomshapesvgfilename&quot;}\">\n\t\t\t\t\t\t<div class=\"elementor-container elementor-column-gap-no\">\n\t\t\t\t\t<div class=\"elementor-column elementor-col-100 elementor-top-column elementor-element elementor-element-abc746d\" data-id=\"abc746d\" data-element_type=\"column\" data-e-type=\"column\">\n\t\t\t<div class=\"elementor-widget-wrap elementor-element-populated\">\n\t\t\t\t\t\t<div class=\"elementor-element elementor-element-4a9b6b7 elementor-widget elementor-widget-heading\" data-id=\"4a9b6b7\" data-element_type=\"widget\" data-e-type=\"widget\" data-widget_type=\"heading.default\">\n\t\t\t\t<div class=\"elementor-widget-container\">\n\t\t\t\t\t<h2 class=\"elementor-heading-title elementor-size-default\">Contactos<\/h2>\t\t\t\t<\/div>\n\t\t\t\t<\/div>\n\t\t\t\t\t<\/div>\n\t\t<\/div>\n\t\t\t\t\t<\/div>\n\t\t<\/div>\n\t\t\t\t<div class=\"elementor-section elementor-top-section elementor-element elementor-element-e9fbe7c elementor-section-boxed elementor-section-height-default elementor-section-height-default\" data-id=\"e9fbe7c\" data-element_type=\"section\" data-e-type=\"section\" data-settings=\"{&quot;background_background&quot;:&quot;classic&quot;}\">\n\t\t\t\t\t\t<div class=\"elementor-container elementor-column-gap-no\">\n\t\t\t\t\t<div class=\"elementor-column elementor-col-33 elementor-top-column elementor-element elementor-element-8148a7c\" data-id=\"8148a7c\" data-element_type=\"column\" data-e-type=\"column\">\n\t\t\t<div class=\"elementor-widget-wrap elementor-element-populated\">\n\t\t\t\t\t\t<div class=\"elementor-element elementor-element-f4758ca elementor-widget elementor-widget-heading\" data-id=\"f4758ca\" data-element_type=\"widget\" data-e-type=\"widget\" data-widget_type=\"heading.default\">\n\t\t\t\t<div class=\"elementor-widget-container\">\n\t\t\t\t\t<h2 class=\"elementor-heading-title elementor-size-default\">em caso de d\u00favida ou alguma quest\u00e3o que pretenda esclarecer, \u00e9 s\u00f3 entrar em contacto connosco:<\/h2>\t\t\t\t<\/div>\n\t\t\t\t<\/div>\n\t\t\t\t<div class=\"elementor-section elementor-inner-section elementor-element elementor-element-682f7ff elementor-section-boxed elementor-section-height-default elementor-section-height-default\" data-id=\"682f7ff\" data-element_type=\"section\" data-e-type=\"section\">\n\t\t\t\t\t\t<div class=\"elementor-container elementor-column-gap-no\">\n\t\t\t\t\t<div class=\"elementor-column elementor-col-50 elementor-inner-column elementor-element elementor-element-be67e52\" data-id=\"be67e52\" data-element_type=\"column\" data-e-type=\"column\">\n\t\t\t<div class=\"elementor-widget-wrap elementor-element-populated\">\n\t\t\t\t\t\t<div class=\"elementor-element elementor-element-400c6df elementor-widget elementor-widget-heading\" data-id=\"400c6df\" data-element_type=\"widget\" data-e-type=\"widget\" data-widget_type=\"heading.default\">\n\t\t\t\t<div class=\"elementor-widget-container\">\n\t\t\t\t\t<h2 class=\"elementor-heading-title elementor-size-default\">Endere\u00e7o<\/h2>\t\t\t\t<\/div>\n\t\t\t\t<\/div>\n\t\t\t\t<div class=\"elementor-element elementor-element-a354309 elementor-widget elementor-widget-text-editor\" data-id=\"a354309\" data-element_type=\"widget\" data-e-type=\"widget\" data-widget_type=\"text-editor.default\">\n\t\t\t\t<div class=\"elementor-widget-container\">\n\t\t\t\t\t\t\t\t\t<p><a href=\"https:\/\/www.google.com\/maps\/place\/PLASBRITOS+-+Ind%C3%BAstria+e+Com%C3%A9rcio+de+Pl%C3%A1sticos+e+Acess%C3%B3rios+T%C3%AAxteis,+Lda\/@41.5608567,-8.6116036,17z\/data=!3m1!4b1!4m6!3m5!1s0xd24539967feafb3:0x10f387da09225957!8m2!3d41.5608567!4d-8.6116036!16s%2Fg%2F1wrtf3q1?entry=ttu\"><span class=\"LrzXr\">Rua Nova do Corujo 147, UF Barcelos,V.Boa, Vila Fresca\u00ednha<\/span><\/a><br \/>4750-784 Barcelos<\/p>\t\t\t\t\t\t\t\t<\/div>\n\t\t\t\t<\/div>\n\t\t\t\t<div class=\"elementor-element elementor-element-3e191a7 elementor-widget elementor-widget-heading\" data-id=\"3e191a7\" data-element_type=\"widget\" data-e-type=\"widget\" data-widget_type=\"heading.default\">\n\t\t\t\t<div class=\"elementor-widget-container\">\n\t\t\t\t\t<h2 class=\"elementor-heading-title elementor-size-default\">e-mail<\/h2>\t\t\t\t<\/div>\n\t\t\t\t<\/div>\n\t\t\t\t<div class=\"elementor-element elementor-element-06f4524 elementor-widget elementor-widget-text-editor\" data-id=\"06f4524\" data-element_type=\"widget\" data-e-type=\"widget\" data-widget_type=\"text-editor.default\">\n\t\t\t\t<div class=\"elementor-widget-container\">\n\t\t\t\t\t\t\t\t\t<p><a href=\"mailto:plasbritos@plasbritos.pt\">plasbritos@plasbritos.pt<\/a><\/p>\t\t\t\t\t\t\t\t<\/div>\n\t\t\t\t<\/div>\n\t\t\t\t<div class=\"elementor-element elementor-element-454075b elementor-widget elementor-widget-heading\" data-id=\"454075b\" data-element_type=\"widget\" data-e-type=\"widget\" data-widget_type=\"heading.default\">\n\t\t\t\t<div class=\"elementor-widget-container\">\n\t\t\t\t\t<h2 class=\"elementor-heading-title elementor-size-default\">Telefones<\/h2>\t\t\t\t<\/div>\n\t\t\t\t<\/div>\n\t\t\t\t<div class=\"elementor-element elementor-element-fc20e2a elementor-widget elementor-widget-text-editor\" data-id=\"fc20e2a\" data-element_type=\"widget\" data-e-type=\"widget\" data-widget_type=\"text-editor.default\">\n\t\t\t\t<div class=\"elementor-widget-container\">\n\t\t\t\t\t\t\t\t\t<p>+ 351\u00a0<a title=\"Telefonar atrav\u00e9s do Hangouts\" href=\"https:\/\/www.google.pt\/search?q=plasbritos&amp;oq=plasbritos&amp;aqs=chrome..69i57j69i60l5.2111j0j4&amp;sourceid=chrome&amp;ie=UTF-8\" data-number=\"+351253881302\" data-pstn-out-call-url=\"\" data-rtid=\"ivJd0Ocd8zjc\" data-ved=\"0ahUKEwjX_eOl0bfcAhXFbMAKHVe0CUgQkAgIjQEoADAR\">253 881 302<\/a>\u00a0|\u00a0<span style=\"color: #333333; font-family: 'Source Sans Pro', 'Helvetica Neue', Helvetica, Arial, sans-serif; font-size: 14px; font-weight: var( --e-global-typography-text-font-weight );\">custo da chamada para rede fixa nacional<\/span><\/p><p>+ 351 <a href=\"https:\/\/www.google.pt\/search?q=plasbritos&amp;oq=plasbritos&amp;aqs=chrome..69i57j69i60l5.2111j0j4&amp;sourceid=chrome&amp;ie=UTF-8\">966 421 962<\/a>\u00a0|\u00a0<span style=\"color: #333333; font-family: 'Source Sans Pro', 'Helvetica Neue', Helvetica, Arial, sans-serif; font-size: 14px; font-weight: var( --e-global-typography-text-font-weight );\">custo da chamada para rede m\u00f3vel nacional<\/span><span style=\"color: #333333; font-family: 'Source Sans Pro', 'Helvetica Neue', Helvetica, Arial, sans-serif; font-size: 14px; font-weight: var( --e-global-typography-text-font-weight );\"><br \/><\/span><\/p><p><span style=\"font-weight: var( --e-global-typography-text-font-weight ); font-size: 14px;\"><span style=\"color: #333333; font-family: Source Sans Pro, Helvetica Neue, Helvetica, Arial, sans-serif;\">+\u00a0<\/span><\/span><span style=\"color: var( --e-global-color-text ); font-family: var( --e-global-typography-text-font-family ), Sans-serif; font-weight: var( --e-global-typography-text-font-weight );\">351 <a href=\"https:\/\/www.google.pt\/search?q=plasbritos&amp;oq=plasbritos&amp;aqs=chrome..69i57j69i60l5.2111j0j4&amp;sourceid=chrome&amp;ie=UTF-8\">966 047 964<\/a> |\u00a0<\/span><span style=\"font-weight: var( --e-global-typography-text-font-weight ); color: #333333; font-family: 'Source Sans Pro', 'Helvetica Neue', Helvetica, Arial, sans-serif; font-size: 14px;\">custo da chamada para rede m\u00f3vel nacional<\/span><\/p>\t\t\t\t\t\t\t\t<\/div>\n\t\t\t\t<\/div>\n\t\t\t\t<div class=\"elementor-element elementor-element-2ed6a35 elementor-widget elementor-widget-heading\" data-id=\"2ed6a35\" data-element_type=\"widget\" data-e-type=\"widget\" data-widget_type=\"heading.default\">\n\t\t\t\t<div class=\"elementor-widget-container\">\n\t\t\t\t\t<h2 class=\"elementor-heading-title elementor-size-default\">social<\/h2>\t\t\t\t<\/div>\n\t\t\t\t<\/div>\n\t\t\t\t<div class=\"elementor-element elementor-element-cf4f924 elementor-align-start elementor-icon-list--layout-traditional elementor-list-item-link-full_width elementor-widget elementor-widget-icon-list\" data-id=\"cf4f924\" data-element_type=\"widget\" data-e-type=\"widget\" data-widget_type=\"icon-list.default\">\n\t\t\t\t<div class=\"elementor-widget-container\">\n\t\t\t\t\t\t\t<ul class=\"elementor-icon-list-items\">\n\t\t\t\t\t\t\t<li class=\"elementor-icon-list-item\">\n\t\t\t\t\t\t\t\t\t\t\t<a href=\"https:\/\/www.facebook.com\/PLASBRITOS\/\" target=\"_blank\">\n\n\t\t\t\t\t\t\t\t\t\t\t\t<span class=\"elementor-icon-list-icon\">\n\t\t\t\t\t\t\t<i aria-hidden=\"true\" class=\"fab fa-facebook\"><\/i>\t\t\t\t\t\t<\/span>\n\t\t\t\t\t\t\t\t\t\t<span class=\"elementor-icon-list-text\">\u25b6\ufe0e Facebook <\/span>\n\t\t\t\t\t\t\t\t\t\t\t<\/a>\n\t\t\t\t\t\t\t\t\t<\/li>\n\t\t\t\t\t\t\t\t<li class=\"elementor-icon-list-item\">\n\t\t\t\t\t\t\t\t\t\t\t<a href=\"https:\/\/www.instagram.com\/plasbritos_oficial\/\" target=\"_blank\">\n\n\t\t\t\t\t\t\t\t\t\t\t\t<span class=\"elementor-icon-list-icon\">\n\t\t\t\t\t\t\t<i aria-hidden=\"true\" class=\"fab fa-instagram\"><\/i>\t\t\t\t\t\t<\/span>\n\t\t\t\t\t\t\t\t\t\t<span class=\"elementor-icon-list-text\">\u25b6\ufe0e Instagram<\/span>\n\t\t\t\t\t\t\t\t\t\t\t<\/a>\n\t\t\t\t\t\t\t\t\t<\/li>\n\t\t\t\t\t\t\t\t<li class=\"elementor-icon-list-item\">\n\t\t\t\t\t\t\t\t\t\t\t<a href=\"https:\/\/www.linkedin.com\/company\/plasbritos\/?viewAsMember=true\" target=\"_blank\">\n\n\t\t\t\t\t\t\t\t\t\t\t\t<span class=\"elementor-icon-list-icon\">\n\t\t\t\t\t\t\t<i aria-hidden=\"true\" class=\"fab fa-linkedin\"><\/i>\t\t\t\t\t\t<\/span>\n\t\t\t\t\t\t\t\t\t\t<span class=\"elementor-icon-list-text\">\u25b6\ufe0e LinkedIn<\/span>\n\t\t\t\t\t\t\t\t\t\t\t<\/a>\n\t\t\t\t\t\t\t\t\t<\/li>\n\t\t\t\t\t\t<\/ul>\n\t\t\t\t\t\t<\/div>\n\t\t\t\t<\/div>\n\t\t\t\t\t<\/div>\n\t\t<\/div>\n\t\t\t\t<div class=\"elementor-column elementor-col-50 elementor-inner-column elementor-element elementor-element-f16cc4b\" data-id=\"f16cc4b\" data-element_type=\"column\" data-e-type=\"column\">\n\t\t\t<div class=\"elementor-widget-wrap elementor-element-populated\">\n\t\t\t\t\t\t<div class=\"elementor-element elementor-element-07f645a elementor-widget elementor-widget-heading\" data-id=\"07f645a\" data-element_type=\"widget\" data-e-type=\"widget\" data-widget_type=\"heading.default\">\n\t\t\t\t<div class=\"elementor-widget-container\">\n\t\t\t\t\t<h2 class=\"elementor-heading-title elementor-size-default\">Hor\u00e1rio<\/h2>\t\t\t\t<\/div>\n\t\t\t\t<\/div>\n\t\t\t\t<div class=\"elementor-element elementor-element-2f3f594 elementor-widget elementor-widget-text-editor\" data-id=\"2f3f594\" data-element_type=\"widget\" data-e-type=\"widget\" data-widget_type=\"text-editor.default\">\n\t\t\t\t<div class=\"elementor-widget-container\">\n\t\t\t\t\t\t\t\t\t<p>Seg a Sex: 08h30 &#8211; 18h30<\/p>\t\t\t\t\t\t\t\t<\/div>\n\t\t\t\t<\/div>\n\t\t\t\t<div class=\"elementor-element elementor-element-9506327 elementor-widget elementor-widget-spacer\" data-id=\"9506327\" data-element_type=\"widget\" data-e-type=\"widget\" data-widget_type=\"spacer.default\">\n\t\t\t\t<div class=\"elementor-widget-container\">\n\t\t\t\t\t\t\t<div class=\"elementor-spacer\">\n\t\t\t<div class=\"elementor-spacer-inner\"><\/div>\n\t\t<\/div>\n\t\t\t\t\t\t<\/div>\n\t\t\t\t<\/div>\n\t\t\t\t\t<\/div>\n\t\t<\/div>\n\t\t\t\t\t<\/div>\n\t\t<\/div>\n\t\t\t\t\t<\/div>\n\t\t<\/div>\n\t\t\t\t<div class=\"elementor-column elementor-col-33 elementor-top-column elementor-element elementor-element-8ccc76b\" data-id=\"8ccc76b\" data-element_type=\"column\" data-e-type=\"column\">\n\t\t\t<div class=\"elementor-widget-wrap\">\n\t\t\t\t\t\t\t<\/div>\n\t\t<\/div>\n\t\t\t\t<div class=\"elementor-column elementor-col-33 elementor-top-column elementor-element elementor-element-7ad1b10\" data-id=\"7ad1b10\" data-element_type=\"column\" data-e-type=\"column\">\n\t\t\t<div class=\"elementor-widget-wrap elementor-element-populated\">\n\t\t\t\t\t\t<div class=\"elementor-element elementor-element-1078ba0 elementor-widget elementor-widget-spacer\" data-id=\"1078ba0\" data-element_type=\"widget\" data-e-type=\"widget\" data-widget_type=\"spacer.default\">\n\t\t\t\t<div class=\"elementor-widget-container\">\n\t\t\t\t\t\t\t<div class=\"elementor-spacer\">\n\t\t\t<div class=\"elementor-spacer-inner\"><\/div>\n\t\t<\/div>\n\t\t\t\t\t\t<\/div>\n\t\t\t\t<\/div>\n\t\t\t\t<div class=\"elementor-element elementor-element-33e8453 animated-slow e-transform elementor-invisible elementor-widget elementor-widget-html\" data-id=\"33e8453\" data-element_type=\"widget\" data-e-type=\"widget\" data-settings=\"{&quot;_animation&quot;:&quot;pulse&quot;,&quot;_transform_rotateZ_effect_hover&quot;:{&quot;unit&quot;:&quot;px&quot;,&quot;size&quot;:&quot;&quot;,&quot;sizes&quot;:[]},&quot;_transform_rotateZ_effect_hover_tablet&quot;:{&quot;unit&quot;:&quot;deg&quot;,&quot;size&quot;:&quot;&quot;,&quot;sizes&quot;:[]},&quot;_transform_rotateZ_effect_hover_mobile&quot;:{&quot;unit&quot;:&quot;deg&quot;,&quot;size&quot;:&quot;&quot;,&quot;sizes&quot;:[]}}\" data-widget_type=\"html.default\">\n\t\t\t\t<div class=\"elementor-widget-container\">\n\t\t\t\t\t<!DOCTYPE html>\r\n<html lang=\"pt\">\r\n<head>\r\n<meta charset=\"UTF-8\">\r\n<meta name=\"viewport\" content=\"width=device-width, initial-scale=1.0\">\r\n<title>Enviar Email para Plasbritos<\/title>\r\n<style>\r\n  * {\r\n    box-sizing: border-box;\r\n  }\r\n  body {\r\n    font-family: Arial, sans-serif;\r\n    margin: 0;\r\n    padding: 0;\r\n    background-color: #f9f9f9;\r\n    display: flex;\r\n    justify-content: center;\r\n    align-items: center;\r\n    min-height: 100vh;\r\n  }\r\n  .container {\r\n    width: 100%;\r\n    max-width: 600px;\r\n    padding: 20px;\r\n    background-color: #fff;\r\n    border-radius: 5px;\r\n    box-shadow: 0 0 10px rgba(0,0,0,0.1);\r\n  }\r\n  h2 {\r\n    text-align: center;\r\n    color: #333;\r\n  }\r\n  label {\r\n    font-weight: bold;\r\n    display: block;\r\n    margin: 10px 0;\r\n  }\r\n  input, textarea {\r\n    width: 100%;\r\n    padding: 8px;\r\n    margin-top: 5px;\r\n    margin-bottom: 10px;\r\n    border: 1px solid #ccc;\r\n    border-radius: 4px;\r\n    box-sizing: border-box;\r\n    resize: vertical;\r\n  }\r\n  button {\r\n    background-color: #4CAF50;\r\n    color: white;\r\n    padding: 10px 20px;\r\n    border: none;\r\n    border-radius: 4px;\r\n    cursor: pointer;\r\n    font-size: 16px;\r\n    width: 100%;\r\n    display: block;\r\n  }\r\n  button:hover {\r\n    background-color: #45a049;\r\n  }\r\n  .notification {\r\n    display: none;\r\n    background-color: #4CAF50;\r\n    color: white;\r\n    padding: 15px;\r\n    margin-top: 15px;\r\n    text-align: center;\r\n    border-radius: 4px;\r\n  }\r\n  .error {\r\n    background-color: #f44336;\r\n  }\r\n<\/style>\r\n<\/head>\r\n<body>\r\n\r\n<div class=\"container\">\r\n  <h2>Enviar Email para Plasbritos<\/h2>\r\n\r\n  <form id=\"contactForm\" action=\"https:\/\/formspree.io\/f\/mrbzzorr\" method=\"POST\">\r\n    <label for=\"senderName\">Nome:*<\/label>\r\n    <input type=\"text\" id=\"senderName\" name=\"Nome\" required placeholder=\"Ex.: Plasbritos\">\r\n\r\n    <label for=\"senderEmail\">E-mail:*<\/label>\r\n    <input type=\"email\" id=\"senderEmail\" name=\"Email\" required placeholder=\"Ex.: plasbritos@exemplo.com\">\r\n\r\n    <label for=\"messageSubject\">Assunto:*<\/label>\r\n    <input type=\"text\" id=\"messageSubject\" name=\"Assunto\" required placeholder=\"Ex.: Pedido de informa\u00e7\u00e3o\">\r\n\r\n    <label for=\"messageBody\">Mensagem:*<\/label>\r\n    <textarea id=\"messageBody\" name=\"Mensagem\" rows=\"6\" required placeholder=\"Escreva a sua mensagem aqui...\"><\/textarea>\r\n\r\n    <button type=\"submit\">Enviar Email<\/button>\r\n  <\/form>\r\n\r\n  <div id=\"notification\" class=\"notification\">Email enviado com sucesso!<\/div>\r\n  <div id=\"errorNotification\" class=\"notification error\">Erro ao enviar o email. Tente novamente.<\/div>\r\n<\/div>\r\n\r\n<script>\r\n  document.getElementById('contactForm').addEventListener('submit', function(event) {\r\n    event.preventDefault();\r\n\r\n    var form = event.target;\r\n    var data = new FormData(form);\r\n\r\n    var xhr = new XMLHttpRequest();\r\n    xhr.open(form.method, form.action);\r\n    xhr.setRequestHeader('Accept', 'application\/json');\r\n    xhr.onreadystatechange = function() {\r\n      if (xhr.readyState !== XMLHttpRequest.DONE) return;\r\n\r\n      if (xhr.status === 200) {\r\n        console.log(\"Formul\u00e1rio enviado com sucesso.\");\r\n        document.getElementById('notification').style.display = 'block';\r\n        form.reset();\r\n      } else {\r\n        console.log(\"Erro ao enviar o formul\u00e1rio: \", xhr.responseText);\r\n        document.getElementById('errorNotification').style.display = 'block';\r\n      }\r\n    };\r\n\r\n    xhr.send(data);\r\n  });\r\n<\/script>\r\n\r\n<\/body>\r\n<\/html>\r\n\t\t\t\t<\/div>\n\t\t\t\t<\/div>\n\t\t\t\t\t<\/div>\n\t\t<\/div>\n\t\t\t\t\t<\/div>\n\t\t<\/div>\n\t\t\t\t<div class=\"elementor-section elementor-top-section elementor-element elementor-element-60b753c elementor-section-boxed elementor-section-height-default elementor-section-height-default\" data-id=\"60b753c\" data-element_type=\"section\" data-e-type=\"section\">\n\t\t\t\t\t\t<div class=\"elementor-container elementor-column-gap-no\">\n\t\t\t\t\t<div class=\"elementor-column elementor-col-100 elementor-top-column elementor-element elementor-element-1f3637b\" data-id=\"1f3637b\" data-element_type=\"column\" data-e-type=\"column\">\n\t\t\t<div class=\"elementor-widget-wrap elementor-element-populated\">\n\t\t\t\t\t\t<div class=\"elementor-element elementor-element-9dde53d elementor-widget elementor-widget-google_maps\" data-id=\"9dde53d\" data-element_type=\"widget\" data-e-type=\"widget\" data-widget_type=\"google_maps.default\">\n\t\t\t\t<div class=\"elementor-widget-container\">\n\t\t\t\t\t\t\t<div class=\"elementor-custom-embed\">\n\t\t\t<iframe loading=\"lazy\"\n\t\t\t\t\tsrc=\"https:\/\/maps.google.com\/maps?q=Rua%20Nova%20do%20Corujo%20147&#038;t=m&#038;z=10&#038;output=embed&#038;iwloc=near\"\n\t\t\t\t\ttitle=\"Rua Nova do Corujo 147\"\n\t\t\t\t\taria-label=\"Rua Nova do Corujo 147\"\n\t\t\t><\/iframe>\n\t\t<\/div>\n\t\t\t\t\t\t<\/div>\n\t\t\t\t<\/div>\n\t\t\t\t\t<\/div>\n\t\t<\/div>\n\t\t\t\t\t<\/div>\n\t\t<\/div>\n\t\t\t\t<\/div>\n\t\t","protected":false},"excerpt":{"rendered":"<p>Contactos em caso de d\u00favida ou alguma quest\u00e3o que pretenda esclarecer, \u00e9 s\u00f3 entrar em contacto connosco: Endere\u00e7o Rua Nova do Corujo 147, UF Barcelos,V.Boa, Vila Fresca\u00ednha4750-784 Barcelos e-mail plasbritos@plasbritos.pt Telefones + 351\u00a0253 881 302\u00a0|\u00a0custo da chamada para rede fixa nacional + 351 966 421 962\u00a0|\u00a0custo da chamada para rede m\u00f3vel nacional +\u00a0351 966 047 &hellip; <\/p>\n<p class=\"link-more\"><a href=\"https:\/\/plasbritos.pt\/index.php\/contact\/\" class=\"more-link\">Read More <span class=\"screen-reader-text\"> &#8220;Contactos&#8221;<\/span><\/a><\/p>\n","protected":false},"author":1,"featured_media":0,"parent":0,"menu_order":0,"comment_status":"closed","ping_status":"closed","template":"page-elementor.php","meta":{"footnotes":""},"class_list":["post-4504","page","type-page","status-publish","hentry"],"_links":{"self":[{"href":"https:\/\/plasbritos.pt\/index.php\/wp-json\/wp\/v2\/pages\/4504"}],"collection":[{"href":"https:\/\/plasbritos.pt\/index.php\/wp-json\/wp\/v2\/pages"}],"about":[{"href":"https:\/\/plasbritos.pt\/index.php\/wp-json\/wp\/v2\/types\/page"}],"author":[{"embeddable":true,"href":"https:\/\/plasbritos.pt\/index.php\/wp-json\/wp\/v2\/users\/1"}],"replies":[{"embeddable":true,"href":"https:\/\/plasbritos.pt\/index.php\/wp-json\/wp\/v2\/comments?post=4504"}],"version-history":[{"count":141,"href":"https:\/\/plasbritos.pt\/index.php\/wp-json\/wp\/v2\/pages\/4504\/revisions"}],"predecessor-version":[{"id":7832,"href":"https:\/\/plasbritos.pt\/index.php\/wp-json\/wp\/v2\/pages\/4504\/revisions\/7832"}],"wp:attachment":[{"href":"https:\/\/plasbritos.pt\/index.php\/wp-json\/wp\/v2\/media?parent=4504"}],"curies":[{"name":"wp","href":"https:\/\/api.w.org\/{rel}","templated":true}]}}